{"id":23624,"date":"2021-06-14T11:40:03","date_gmt":"2021-06-14T08:40:03","guid":{"rendered":"https:\/\/www.delfiniahotels.gr\/holidays-with-safety\/"},"modified":"2022-04-14T14:14:30","modified_gmt":"2022-04-14T11:14:30","slug":"holidays-with-safety","status":"publish","type":"page","link":"https:\/\/www.delfiniahotels.gr\/fr\/holidays-with-safety\/","title":{"rendered":"Des vacances en toute s\u00e9curit\u00e9"},"content":{"rendered":"<p>&nbsp;<\/p>\n<p><em><strong>Chers client(e)s,<\/strong><\/em><\/p>\n<p>Notre priorit\u00e9, au Delfinia Hotel, est d\u2019assurer la bonne sant\u00e9 et le bien-\u00eatre de nos clients et de notre personnel. Dans ce but, des mesures ont \u00e9t\u00e9 prises selon les nouvelles r\u00e8gles sanitaires et de s\u00e9curit\u00e9 annonc\u00e9es par l\u2019Organisme de sant\u00e9 publique de Gr\u00e8ce. Nous avons mis en place, avec notre partenaire de sant\u00e9 et s\u00e9curit\u00e9, un protocole et des mesures et proc\u00e9dures pour nous prot\u00e9ger d\u2019une \u00e9ventuelle exposition au COVID-19 et sa propagation. En parall\u00e8le, notre premier souci demeure votre confort, et votre s\u00e9curit\u00e9 pendant votre s\u00e9jour ! Notre h\u00f4tel d\u00e9tient la certification \u00ab LA SANT\u00c9 D\u2019ABORD \u00bb, d\u00e9cern\u00e9 par l\u2019Association des h\u00f4tels ainsi que par le Minist\u00e8re du Tourisme de Gr\u00e8ce Pendant votre s\u00e9jour parmi nous, vous remarquerez que certaines choses ont chang\u00e9 dans notre organisation compte tenu de la mise en place des nouvelles r\u00e8gles sanitaires, list\u00e9es ci-dessous:<\/p>\n<p>1. Votre arriv\u00e9e \/ check-in, check-out<\/p>\n<ul>\n<li>Le check-in est effectu\u00e9 \u00e0 la r\u00e9ception. Notre personnel \u00e0 la r\u00e9ception a \u00e9t\u00e9 form\u00e9 pour vous accueillir dans de bonnes conditions.<\/li>\n<li>Le port du masque et la prise de temp\u00e9rature est obligatoire pour tous les clients.<\/li>\n<li>Un marquage au sol est pr\u00e9sent, indiquant o\u00f9 se tenir pour attendre \u00e0 la r\u00e9ception.<\/li>\n<li>La distanciation sociale de 2 m\u00e8tres entre chaque personne est demand\u00e9e \u00e0 tous moments.<\/li>\n<li>Les cartes-cl\u00e9s des chambres, les stylos et crayons sont d\u00e9sinfect\u00e9s.<\/li>\n<li>Il est demand\u00e9 de se d\u00e9sinfecter les mains avant d\u2019entrer dans le hall de l\u2019h\u00f4tel.<\/li>\n<li>Nous vous recommandons fortement de ne pas payer en liquide. Privil\u00e9giez le paiement sans contact.<\/li>\n<li>Le check-in s\u2019effectue \u00e0 15:00 et le check-out \u00e0 11:00 afin de permettre le nettoyage et la d\u00e9sinfection de la chambre.<\/li>\n<\/ul>\n<p>&nbsp;<\/p>\n<p>2. Votre s\u00e9jour, votre chambre et le nettoyage<\/p>\n<ul>\n<li>Nous recommandons aux clients d\u2019emprunter les escaliers et d\u2019\u00e9viter les ascenseurs. Le nombre de clients empruntant l\u2019ascenseur sera limit\u00e9 \u00e0 une personne \u00e0 la fois, sauf les personnes partageant la m\u00eame chambre ou les familles jusqu\u2019\u00e0 4 personnes.<\/li>\n<li>Les chambres doivent \u00eatre nettoy\u00e9es et d\u00e9sinfect\u00e9es une fois par jour, et ce quand les clients ne sont pas pr\u00e9sents.<\/li>\n<li>Les objets non-essentiels tels que les coussins d\u00e9coratifs ou les magazines papier seront retir\u00e9s des chambres pour votre s\u00e9curit\u00e9.<\/li>\n<li>La maintenance dans les chambres sera effectu\u00e9e uniquement sur demande et uniquement quand les clients ne seront pas pr\u00e9sents dans la chambre.<\/li>\n<li>Les chambres propos\u00e9es aux clients seront nettoy\u00e9es et d\u00e9sinfect\u00e9es en utilisant uniquement des produits de nettoyage certifi\u00e9s<\/li>\n<li>Les espaces publics comme les toilettes seront r\u00e9guli\u00e8rement nettoy\u00e9s et d\u00e9sinfect\u00e9s.<\/li>\n<\/ul>\n<p>&nbsp;<\/p>\n<p>3. Aux restaurants et bars<\/p>\n<ul>\n<li>Il est demand\u00e9 aux clients de se d\u00e9sinfecter en entrant dans un restaurant ou un bar, et le port du masque sera obligatoire pendant le service<\/li>\n<li>Les tables seront pr\u00e9par\u00e9es selon les r\u00e8gles et protocoles sanitaires. Les tables de 6 sont r\u00e9serv\u00e9es aux familles.<\/li>\n<li>Les repas (petit-d\u00e9je\u00fbner et d\u00eener) sont servis sous forme de buffet. Le port du masque et de gants \u00e0 usages uniques fournis par l\u2019h\u00f4tel sera obligatoire pendant le service.<\/li>\n<li>Les restaurants et bars respectent strictement le protocole HACCP.<\/li>\n<li>Le bar sera r\u00e9organis\u00e9 afin d\u2019assurer la distanciation sociale.<\/li>\n<\/ul>\n<p>&nbsp;<\/p>\n<p>4. La piscine et la plage<\/p>\n<ul>\n<li>Nos parasols seront install\u00e9s \u00e0 4 m\u00e8tres de la piscine et le long de la plage. Nous recommandons de garder une distance de 2 m\u00e8tres entre chaque bain de soleil.<\/li>\n<li>Les bains de soleil seront d\u00e9sinfect\u00e9s avant chaque utilisation.<\/li>\n<li>L\u2019utilisation de serviettes de bain est obligatoire.<\/li>\n<li>Les niveaux de chlore et de pH de la piscine seront contr\u00f4l\u00e9s pour assurer la d\u00e9sinfection de la piscine.<\/li>\n<li>Un nombre de limit\u00e9 de nageurs sera autoris\u00e9 dans la piscine en m\u00eame temps, \u00e0 raison d\u20191 personne pour 5 m\u00b2.<\/li>\n<\/ul>\n<p>&nbsp;<\/p>\n<p>5. Divertissement, bien-\u00eatre, sport<\/p>\n<ul>\n<li>Nous continuerons \u00e0 profiter des divertissements tels que la musique et autres spectacles, tout en faisant attention et en respectant la distanciation sociale en ext\u00e9rieur aux alentours du Beach Bar.<\/li>\n<li>Les soins au spa et l\u2019utilisation de la salle de sport seront possibles sur demande.<\/li>\n<li>Le nettoyage et la d\u00e9sinfection seront effectu\u00e9s entre chaque session.<\/li>\n<li>Les clients devront porter un masque lors des soins.<\/li>\n<\/ul>\n<p>&nbsp;<\/p>\n<p>6. Le personnel de votre h\u00f4tel<\/p>\n<ul>\n<li>Notre estimable personnel a suivi des formations li\u00e9es au COVID-19 et ont obtenu des attestations de formation.<\/li>\n<li>La temp\u00e9rature des membres de notre personnel sera contr\u00f4l\u00e9 chaque jour \u00e0 l\u2019embauche et ils devront effectuer un auto-test chaque semaine.<\/li>\n<li>De plus, la plupart des membres de notre personnel ont \u00e9t\u00e9 compl\u00e8tement vaccin\u00e9s contre le COVID-19 ou ont au moins re\u00e7u la premi\u00e8re dose.<\/li>\n<li>L\u2019int\u00e9gralit\u00e9 de notre personnel aura des \u00e9quipements de protection individuelle (EPI) \u00e0 disposition \u00e0 tous moments.<\/li>\n<\/ul>\n<p>&nbsp;<\/p>\n<p>Merci pour votre attention!<\/p>\n<p>Nous avons h\u00e2te de vous retrouver au Delfinia Hotel<\/p>\n<p>DES VACANCES EN TOUTE S\u00c9CURIT\u00c9!!<\/p>\n<p>L\u2019ADMINISTRATION DE L\u2019H\u00d4TEL<\/p>\n","protected":false},"excerpt":{"rendered":"<p>&nbsp; Chers client(e)s, Notre priorit\u00e9, au Delfinia Hotel, est d\u2019assurer la bonne sant\u00e9 et le bien-\u00eatre de nos clients et de notre personnel. Dans ce but, des mesures ont \u00e9t\u00e9 prises selon les nouvelles r\u00e8gles sanitaires et de s\u00e9curit\u00e9 annonc\u00e9es par l\u2019Organisme de sant\u00e9 publique de Gr\u00e8ce. Nous avons mis en place, avec notre partenaire<\/p>\n","protected":false},"author":1,"featured_media":26214,"parent":0,"menu_order":0,"comment_status":"closed","ping_status":"closed","template":"","meta":{"_acf_changed":false,"footnotes":""},"class_list":["post-23624","page","type-page","status-publish","has-post-thumbnail","hentry"],"acf":[],"yoast_head":"<!-- This site is optimized with the Yoast SEO plugin v27.3 - https:\/\/yoast.com\/product\/yoast-seo-wordpress\/ -->\n<title>Des vacances en toute s\u00e9curit\u00e9 - Delfinia Hotels<\/title>\n<meta name=\"robots\" content=\"index, follow, max-snippet:-1, max-image-preview:large, max-video-preview:-1\" \/>\n<link rel=\"canonical\" href=\"https:\/\/www.delfiniahotels.gr\/fr\/holidays-with-safety\/\" \/>\n<meta property=\"og:locale\" content=\"fr_FR\" \/>\n<meta property=\"og:type\" content=\"article\" \/>\n<meta property=\"og:title\" content=\"Des vacances en toute s\u00e9curit\u00e9 - Delfinia Hotels\" \/>\n<meta property=\"og:description\" content=\"&nbsp; Chers client(e)s, Notre priorit\u00e9, au Delfinia Hotel, est d\u2019assurer la bonne sant\u00e9 et le bien-\u00eatre de nos clients et de notre personnel. Dans ce but, des mesures ont \u00e9t\u00e9 prises selon les nouvelles r\u00e8gles sanitaires et de s\u00e9curit\u00e9 annonc\u00e9es par l\u2019Organisme de sant\u00e9 publique de Gr\u00e8ce. Nous avons mis en place, avec notre partenaire\" \/>\n<meta property=\"og:url\" content=\"https:\/\/www.delfiniahotels.gr\/fr\/holidays-with-safety\/\" \/>\n<meta property=\"og:site_name\" content=\"Delfinia Hotels\" \/>\n<meta property=\"article:modified_time\" content=\"2022-04-14T11:14:30+00:00\" \/>\n<meta property=\"og:image\" content=\"https:\/\/www.delfiniahotels.gr\/app\/uploads\/sites\/38\/2021\/07\/delfinia19-0291-scaled-17.jpg\" \/>\n\t<meta property=\"og:image:width\" content=\"2560\" \/>\n\t<meta property=\"og:image:height\" content=\"1707\" \/>\n\t<meta property=\"og:image:type\" content=\"image\/jpeg\" \/>\n<meta name=\"twitter:card\" content=\"summary_large_image\" \/>\n<meta name=\"twitter:label1\" content=\"Dur\u00e9e de lecture estim\u00e9e\" \/>\n\t<meta name=\"twitter:data1\" content=\"4 minutes\" \/>\n<script type=\"application\/ld+json\" class=\"yoast-schema-graph\">{\"@context\":\"https:\\\/\\\/schema.org\",\"@graph\":[{\"@type\":\"WebPage\",\"@id\":\"https:\\\/\\\/www.delfiniahotels.gr\\\/fr\\\/holidays-with-safety\\\/\",\"url\":\"https:\\\/\\\/www.delfiniahotels.gr\\\/fr\\\/holidays-with-safety\\\/\",\"name\":\"Des vacances en toute s\u00e9curit\u00e9 - Delfinia Hotels\",\"isPartOf\":{\"@id\":\"https:\\\/\\\/www.delfiniahotels.gr\\\/fr\\\/#website\"},\"primaryImageOfPage\":{\"@id\":\"https:\\\/\\\/www.delfiniahotels.gr\\\/fr\\\/holidays-with-safety\\\/#primaryimage\"},\"image\":{\"@id\":\"https:\\\/\\\/www.delfiniahotels.gr\\\/fr\\\/holidays-with-safety\\\/#primaryimage\"},\"thumbnailUrl\":\"https:\\\/\\\/www.delfiniahotels.gr\\\/app\\\/uploads\\\/sites\\\/38\\\/2021\\\/07\\\/delfinia19-0291-scaled-17.jpg\",\"datePublished\":\"2021-06-14T08:40:03+00:00\",\"dateModified\":\"2022-04-14T11:14:30+00:00\",\"breadcrumb\":{\"@id\":\"https:\\\/\\\/www.delfiniahotels.gr\\\/fr\\\/holidays-with-safety\\\/#breadcrumb\"},\"inLanguage\":\"fr-FR\",\"potentialAction\":[{\"@type\":\"ReadAction\",\"target\":[\"https:\\\/\\\/www.delfiniahotels.gr\\\/fr\\\/holidays-with-safety\\\/\"]}]},{\"@type\":\"ImageObject\",\"inLanguage\":\"fr-FR\",\"@id\":\"https:\\\/\\\/www.delfiniahotels.gr\\\/fr\\\/holidays-with-safety\\\/#primaryimage\",\"url\":\"https:\\\/\\\/www.delfiniahotels.gr\\\/app\\\/uploads\\\/sites\\\/38\\\/2021\\\/07\\\/delfinia19-0291-scaled-17.jpg\",\"contentUrl\":\"https:\\\/\\\/www.delfiniahotels.gr\\\/app\\\/uploads\\\/sites\\\/38\\\/2021\\\/07\\\/delfinia19-0291-scaled-17.jpg\",\"width\":2560,\"height\":1707},{\"@type\":\"BreadcrumbList\",\"@id\":\"https:\\\/\\\/www.delfiniahotels.gr\\\/fr\\\/holidays-with-safety\\\/#breadcrumb\",\"itemListElement\":[{\"@type\":\"ListItem\",\"position\":1,\"name\":\"Home\",\"item\":\"https:\\\/\\\/www.delfiniahotels.gr\\\/fr\\\/\"},{\"@type\":\"ListItem\",\"position\":2,\"name\":\"Des vacances en toute s\u00e9curit\u00e9\"}]},{\"@type\":\"WebSite\",\"@id\":\"https:\\\/\\\/www.delfiniahotels.gr\\\/fr\\\/#website\",\"url\":\"https:\\\/\\\/www.delfiniahotels.gr\\\/fr\\\/\",\"name\":\"Delfinia Hotels\",\"description\":\"Delfinia Hotels\",\"potentialAction\":[{\"@type\":\"SearchAction\",\"target\":{\"@type\":\"EntryPoint\",\"urlTemplate\":\"https:\\\/\\\/www.delfiniahotels.gr\\\/fr\\\/?s={search_term_string}\"},\"query-input\":{\"@type\":\"PropertyValueSpecification\",\"valueRequired\":true,\"valueName\":\"search_term_string\"}}],\"inLanguage\":\"fr-FR\"}]}<\/script>\n<!-- \/ Yoast SEO plugin. -->","yoast_head_json":{"title":"Des vacances en toute s\u00e9curit\u00e9 - Delfinia Hotels","robots":{"index":"index","follow":"follow","max-snippet":"max-snippet:-1","max-image-preview":"max-image-preview:large","max-video-preview":"max-video-preview:-1"},"canonical":"https:\/\/www.delfiniahotels.gr\/fr\/holidays-with-safety\/","og_locale":"fr_FR","og_type":"article","og_title":"Des vacances en toute s\u00e9curit\u00e9 - Delfinia Hotels","og_description":"&nbsp; Chers client(e)s, Notre priorit\u00e9, au Delfinia Hotel, est d\u2019assurer la bonne sant\u00e9 et le bien-\u00eatre de nos clients et de notre personnel. Dans ce but, des mesures ont \u00e9t\u00e9 prises selon les nouvelles r\u00e8gles sanitaires et de s\u00e9curit\u00e9 annonc\u00e9es par l\u2019Organisme de sant\u00e9 publique de Gr\u00e8ce. Nous avons mis en place, avec notre partenaire","og_url":"https:\/\/www.delfiniahotels.gr\/fr\/holidays-with-safety\/","og_site_name":"Delfinia Hotels","article_modified_time":"2022-04-14T11:14:30+00:00","og_image":[{"width":2560,"height":1707,"url":"https:\/\/www.delfiniahotels.gr\/app\/uploads\/sites\/38\/2021\/07\/delfinia19-0291-scaled-17.jpg","type":"image\/jpeg"}],"twitter_card":"summary_large_image","twitter_misc":{"Dur\u00e9e de lecture estim\u00e9e":"4 minutes"},"schema":{"@context":"https:\/\/schema.org","@graph":[{"@type":"WebPage","@id":"https:\/\/www.delfiniahotels.gr\/fr\/holidays-with-safety\/","url":"https:\/\/www.delfiniahotels.gr\/fr\/holidays-with-safety\/","name":"Des vacances en toute s\u00e9curit\u00e9 - Delfinia Hotels","isPartOf":{"@id":"https:\/\/www.delfiniahotels.gr\/fr\/#website"},"primaryImageOfPage":{"@id":"https:\/\/www.delfiniahotels.gr\/fr\/holidays-with-safety\/#primaryimage"},"image":{"@id":"https:\/\/www.delfiniahotels.gr\/fr\/holidays-with-safety\/#primaryimage"},"thumbnailUrl":"https:\/\/www.delfiniahotels.gr\/app\/uploads\/sites\/38\/2021\/07\/delfinia19-0291-scaled-17.jpg","datePublished":"2021-06-14T08:40:03+00:00","dateModified":"2022-04-14T11:14:30+00:00","breadcrumb":{"@id":"https:\/\/www.delfiniahotels.gr\/fr\/holidays-with-safety\/#breadcrumb"},"inLanguage":"fr-FR","potentialAction":[{"@type":"ReadAction","target":["https:\/\/www.delfiniahotels.gr\/fr\/holidays-with-safety\/"]}]},{"@type":"ImageObject","inLanguage":"fr-FR","@id":"https:\/\/www.delfiniahotels.gr\/fr\/holidays-with-safety\/#primaryimage","url":"https:\/\/www.delfiniahotels.gr\/app\/uploads\/sites\/38\/2021\/07\/delfinia19-0291-scaled-17.jpg","contentUrl":"https:\/\/www.delfiniahotels.gr\/app\/uploads\/sites\/38\/2021\/07\/delfinia19-0291-scaled-17.jpg","width":2560,"height":1707},{"@type":"BreadcrumbList","@id":"https:\/\/www.delfiniahotels.gr\/fr\/holidays-with-safety\/#breadcrumb","itemListElement":[{"@type":"ListItem","position":1,"name":"Home","item":"https:\/\/www.delfiniahotels.gr\/fr\/"},{"@type":"ListItem","position":2,"name":"Des vacances en toute s\u00e9curit\u00e9"}]},{"@type":"WebSite","@id":"https:\/\/www.delfiniahotels.gr\/fr\/#website","url":"https:\/\/www.delfiniahotels.gr\/fr\/","name":"Delfinia Hotels","description":"Delfinia Hotels","potentialAction":[{"@type":"SearchAction","target":{"@type":"EntryPoint","urlTemplate":"https:\/\/www.delfiniahotels.gr\/fr\/?s={search_term_string}"},"query-input":{"@type":"PropertyValueSpecification","valueRequired":true,"valueName":"search_term_string"}}],"inLanguage":"fr-FR"}]}},"_links":{"self":[{"href":"https:\/\/www.delfiniahotels.gr\/fr\/wp-json\/wp\/v2\/pages\/23624","targetHints":{"allow":["GET"]}}],"collection":[{"href":"https:\/\/www.delfiniahotels.gr\/fr\/wp-json\/wp\/v2\/pages"}],"about":[{"href":"https:\/\/www.delfiniahotels.gr\/fr\/wp-json\/wp\/v2\/types\/page"}],"author":[{"embeddable":true,"href":"https:\/\/www.delfiniahotels.gr\/fr\/wp-json\/wp\/v2\/users\/1"}],"replies":[{"embeddable":true,"href":"https:\/\/www.delfiniahotels.gr\/fr\/wp-json\/wp\/v2\/comments?post=23624"}],"version-history":[{"count":4,"href":"https:\/\/www.delfiniahotels.gr\/fr\/wp-json\/wp\/v2\/pages\/23624\/revisions"}],"predecessor-version":[{"id":114207,"href":"https:\/\/www.delfiniahotels.gr\/fr\/wp-json\/wp\/v2\/pages\/23624\/revisions\/114207"}],"wp:featuredmedia":[{"embeddable":true,"href":"https:\/\/www.delfiniahotels.gr\/fr\/wp-json\/wp\/v2\/media\/26214"}],"wp:attachment":[{"href":"https:\/\/www.delfiniahotels.gr\/fr\/wp-json\/wp\/v2\/media?parent=23624"}],"curies":[{"name":"wp","href":"https:\/\/api.w.org\/{rel}","templated":true}]}}