{"id":23621,"date":"2020-01-09T13:14:43","date_gmt":"2020-01-09T11:14:43","guid":{"rendered":"https:\/\/www.delfiniahotels.gr\/workshops-seminars\/"},"modified":"2021-07-30T13:24:25","modified_gmt":"2021-07-30T10:24:25","slug":"workshops-seminars","status":"publish","type":"page","link":"https:\/\/www.delfiniahotels.gr\/fr\/workshops-seminars\/","title":{"rendered":"Ateliers et S\u00e9minaires"},"content":{"rendered":"<p>La plupart de ces \u00e9v\u00e9nements sont ouverts au public ainsi qu\u2019aux clients du Delfinia.  Bien que nous n\u2019ayons pas de programme permanent en ce qui concerne les ateliers et s\u00e9minaires, nous communiquons activement sur ces \u00e9v\u00e9nements via le Delfinia Blog et nos pages Facebook, ainsi que sur les tableaux de l\u2019h\u00f4tel, notamment \u00e0 la r\u00e9ception.  Si vous souhaitez organiser vos vacances de groupes, nous serons ravis de pouvoir vous renseigner.  <a href=\"\/contact\/\"><strong>N\u2019h\u00e9sitez pas \u00e0 nous demander s\u2019il existe des offres pour les grands groupes<\/strong><\/a>. <\/p>\n<h3>S\u00c9JOURS YOGA ET BIODANZA<\/h3>\n<p> Seriez-vous pr\u00eat \u00e0 passer un s\u00e9jour diff\u00e9rent\u00a0?  Ces trois derni\u00e8res ann\u00e9es, Ariane P\u00e9clard-Sahli a anim\u00e9 des s\u00e9jours yoga et biodanza au Delfinia Hotel.  Les participants commencent leur journ\u00e9e par une s\u00e9ance de yoga sur la plage ou dans les jardins de l\u2019h\u00f4tel en profitant du lever du soleil.  Le soir, les danseurs de Biodanza se rassemblent et forment une ronde dans notre salle de conf\u00e9rence Athena.  Le Delfinia Hotel offre un cadre magnifique et paisible permettant de se reposer et de m\u00e9diter calmement, surtout pendant les derniers mois de la saison.  Les cours d\u2019Ariane ont lieu du 13 au 20 octobre, une p\u00e9riode id\u00e9ale pour ceux qui cherche \u00e0 profiter une derni\u00e8re fois du soleil avant que les mois d\u2019hiver ne s\u2019installent.  Consultez <strong><a href=\"http:\/\/www.ariane-yoga-biodanza.ch\" target=\"_blank\" rel=\"noopener noreferrer\">Ariane yoga biodanza<\/a> <\/strong>pour obtenir des informations sur les cours ou t\u00e9l\u00e9phonez au <a href=\"tel:+41 786861296\">+41 786861296<\/a> pour r\u00e9server directement.<\/p>\n","protected":false},"excerpt":{"rendered":"<p>La plupart de ces \u00e9v\u00e9nements sont ouverts au public ainsi qu\u2019aux clients du Delfinia. Bien que nous n\u2019ayons pas de programme permanent en ce qui concerne les ateliers et s\u00e9minaires, nous communiquons activement sur ces \u00e9v\u00e9nements via le Delfinia Blog et nos pages Facebook, ainsi que sur les tableaux de l\u2019h\u00f4tel, notamment \u00e0 la r\u00e9ception.<\/p>\n","protected":false},"author":1,"featured_media":10050,"parent":0,"menu_order":0,"comment_status":"closed","ping_status":"closed","template":"","meta":{"_acf_changed":false,"footnotes":""},"class_list":["post-23621","page","type-page","status-publish","has-post-thumbnail","hentry"],"acf":[],"yoast_head":"<!-- This site is optimized with the Yoast SEO plugin v27.5 - https:\/\/yoast.com\/product\/yoast-seo-wordpress\/ -->\n<title>Ateliers et S\u00e9minaires - Delfinia Hotels<\/title>\n<meta name=\"robots\" content=\"index, follow, max-snippet:-1, max-image-preview:large, max-video-preview:-1\" \/>\n<link rel=\"canonical\" href=\"https:\/\/www.delfiniahotels.gr\/fr\/workshops-seminars\/\" \/>\n<meta property=\"og:locale\" content=\"fr_FR\" \/>\n<meta property=\"og:type\" content=\"article\" \/>\n<meta property=\"og:title\" content=\"Ateliers et S\u00e9minaires - Delfinia Hotels\" \/>\n<meta property=\"og:description\" content=\"La plupart de ces \u00e9v\u00e9nements sont ouverts au public ainsi qu\u2019aux clients du Delfinia. Bien que nous n\u2019ayons pas de programme permanent en ce qui concerne les ateliers et s\u00e9minaires, nous communiquons activement sur ces \u00e9v\u00e9nements via le Delfinia Blog et nos pages Facebook, ainsi que sur les tableaux de l\u2019h\u00f4tel, notamment \u00e0 la r\u00e9ception.\" \/>\n<meta property=\"og:url\" content=\"https:\/\/www.delfiniahotels.gr\/fr\/workshops-seminars\/\" \/>\n<meta property=\"og:site_name\" content=\"Delfinia Hotels\" \/>\n<meta property=\"article:modified_time\" content=\"2021-07-30T10:24:25+00:00\" \/>\n<meta property=\"og:image\" content=\"https:\/\/www.delfiniahotels.gr\/app\/uploads\/sites\/38\/2019\/12\/delfinia19-0033_resized.jpg\" \/>\n\t<meta property=\"og:image:width\" content=\"1920\" \/>\n\t<meta property=\"og:image:height\" content=\"1279\" \/>\n\t<meta property=\"og:image:type\" content=\"image\/jpeg\" \/>\n<meta name=\"twitter:card\" content=\"summary_large_image\" \/>\n<meta name=\"twitter:label1\" content=\"Dur\u00e9e de lecture estim\u00e9e\" \/>\n\t<meta name=\"twitter:data1\" content=\"1 minute\" \/>\n<script type=\"application\/ld+json\" class=\"yoast-schema-graph\">{\"@context\":\"https:\\\/\\\/schema.org\",\"@graph\":[{\"@type\":\"WebPage\",\"@id\":\"https:\\\/\\\/www.delfiniahotels.gr\\\/fr\\\/workshops-seminars\\\/\",\"url\":\"https:\\\/\\\/www.delfiniahotels.gr\\\/fr\\\/workshops-seminars\\\/\",\"name\":\"Ateliers et S\u00e9minaires - Delfinia Hotels\",\"isPartOf\":{\"@id\":\"https:\\\/\\\/www.delfiniahotels.gr\\\/fr\\\/#website\"},\"primaryImageOfPage\":{\"@id\":\"https:\\\/\\\/www.delfiniahotels.gr\\\/fr\\\/workshops-seminars\\\/#primaryimage\"},\"image\":{\"@id\":\"https:\\\/\\\/www.delfiniahotels.gr\\\/fr\\\/workshops-seminars\\\/#primaryimage\"},\"thumbnailUrl\":\"https:\\\/\\\/www.delfiniahotels.gr\\\/app\\\/uploads\\\/sites\\\/38\\\/2019\\\/12\\\/delfinia19-0033_resized.jpg\",\"datePublished\":\"2020-01-09T11:14:43+00:00\",\"dateModified\":\"2021-07-30T10:24:25+00:00\",\"breadcrumb\":{\"@id\":\"https:\\\/\\\/www.delfiniahotels.gr\\\/fr\\\/workshops-seminars\\\/#breadcrumb\"},\"inLanguage\":\"fr-FR\",\"potentialAction\":[{\"@type\":\"ReadAction\",\"target\":[\"https:\\\/\\\/www.delfiniahotels.gr\\\/fr\\\/workshops-seminars\\\/\"]}]},{\"@type\":\"ImageObject\",\"inLanguage\":\"fr-FR\",\"@id\":\"https:\\\/\\\/www.delfiniahotels.gr\\\/fr\\\/workshops-seminars\\\/#primaryimage\",\"url\":\"https:\\\/\\\/www.delfiniahotels.gr\\\/app\\\/uploads\\\/sites\\\/38\\\/2019\\\/12\\\/delfinia19-0033_resized.jpg\",\"contentUrl\":\"https:\\\/\\\/www.delfiniahotels.gr\\\/app\\\/uploads\\\/sites\\\/38\\\/2019\\\/12\\\/delfinia19-0033_resized.jpg\",\"width\":1920,\"height\":1279},{\"@type\":\"BreadcrumbList\",\"@id\":\"https:\\\/\\\/www.delfiniahotels.gr\\\/fr\\\/workshops-seminars\\\/#breadcrumb\",\"itemListElement\":[{\"@type\":\"ListItem\",\"position\":1,\"name\":\"Home\",\"item\":\"https:\\\/\\\/www.delfiniahotels.gr\\\/fr\\\/\"},{\"@type\":\"ListItem\",\"position\":2,\"name\":\"Ateliers et S\u00e9minaires\"}]},{\"@type\":\"WebSite\",\"@id\":\"https:\\\/\\\/www.delfiniahotels.gr\\\/fr\\\/#website\",\"url\":\"https:\\\/\\\/www.delfiniahotels.gr\\\/fr\\\/\",\"name\":\"Delfinia Hotels\",\"description\":\"Delfinia Hotels\",\"potentialAction\":[{\"@type\":\"SearchAction\",\"target\":{\"@type\":\"EntryPoint\",\"urlTemplate\":\"https:\\\/\\\/www.delfiniahotels.gr\\\/fr\\\/?s={search_term_string}\"},\"query-input\":{\"@type\":\"PropertyValueSpecification\",\"valueRequired\":true,\"valueName\":\"search_term_string\"}}],\"inLanguage\":\"fr-FR\"}]}<\/script>\n<!-- \/ Yoast SEO plugin. -->","yoast_head_json":{"title":"Ateliers et S\u00e9minaires - Delfinia Hotels","robots":{"index":"index","follow":"follow","max-snippet":"max-snippet:-1","max-image-preview":"max-image-preview:large","max-video-preview":"max-video-preview:-1"},"canonical":"https:\/\/www.delfiniahotels.gr\/fr\/workshops-seminars\/","og_locale":"fr_FR","og_type":"article","og_title":"Ateliers et S\u00e9minaires - Delfinia Hotels","og_description":"La plupart de ces \u00e9v\u00e9nements sont ouverts au public ainsi qu\u2019aux clients du Delfinia. Bien que nous n\u2019ayons pas de programme permanent en ce qui concerne les ateliers et s\u00e9minaires, nous communiquons activement sur ces \u00e9v\u00e9nements via le Delfinia Blog et nos pages Facebook, ainsi que sur les tableaux de l\u2019h\u00f4tel, notamment \u00e0 la r\u00e9ception.","og_url":"https:\/\/www.delfiniahotels.gr\/fr\/workshops-seminars\/","og_site_name":"Delfinia Hotels","article_modified_time":"2021-07-30T10:24:25+00:00","og_image":[{"width":1920,"height":1279,"url":"https:\/\/www.delfiniahotels.gr\/app\/uploads\/sites\/38\/2019\/12\/delfinia19-0033_resized.jpg","type":"image\/jpeg"}],"twitter_card":"summary_large_image","twitter_misc":{"Dur\u00e9e de lecture estim\u00e9e":"1 minute"},"schema":{"@context":"https:\/\/schema.org","@graph":[{"@type":"WebPage","@id":"https:\/\/www.delfiniahotels.gr\/fr\/workshops-seminars\/","url":"https:\/\/www.delfiniahotels.gr\/fr\/workshops-seminars\/","name":"Ateliers et S\u00e9minaires - Delfinia Hotels","isPartOf":{"@id":"https:\/\/www.delfiniahotels.gr\/fr\/#website"},"primaryImageOfPage":{"@id":"https:\/\/www.delfiniahotels.gr\/fr\/workshops-seminars\/#primaryimage"},"image":{"@id":"https:\/\/www.delfiniahotels.gr\/fr\/workshops-seminars\/#primaryimage"},"thumbnailUrl":"https:\/\/www.delfiniahotels.gr\/app\/uploads\/sites\/38\/2019\/12\/delfinia19-0033_resized.jpg","datePublished":"2020-01-09T11:14:43+00:00","dateModified":"2021-07-30T10:24:25+00:00","breadcrumb":{"@id":"https:\/\/www.delfiniahotels.gr\/fr\/workshops-seminars\/#breadcrumb"},"inLanguage":"fr-FR","potentialAction":[{"@type":"ReadAction","target":["https:\/\/www.delfiniahotels.gr\/fr\/workshops-seminars\/"]}]},{"@type":"ImageObject","inLanguage":"fr-FR","@id":"https:\/\/www.delfiniahotels.gr\/fr\/workshops-seminars\/#primaryimage","url":"https:\/\/www.delfiniahotels.gr\/app\/uploads\/sites\/38\/2019\/12\/delfinia19-0033_resized.jpg","contentUrl":"https:\/\/www.delfiniahotels.gr\/app\/uploads\/sites\/38\/2019\/12\/delfinia19-0033_resized.jpg","width":1920,"height":1279},{"@type":"BreadcrumbList","@id":"https:\/\/www.delfiniahotels.gr\/fr\/workshops-seminars\/#breadcrumb","itemListElement":[{"@type":"ListItem","position":1,"name":"Home","item":"https:\/\/www.delfiniahotels.gr\/fr\/"},{"@type":"ListItem","position":2,"name":"Ateliers et S\u00e9minaires"}]},{"@type":"WebSite","@id":"https:\/\/www.delfiniahotels.gr\/fr\/#website","url":"https:\/\/www.delfiniahotels.gr\/fr\/","name":"Delfinia Hotels","description":"Delfinia Hotels","potentialAction":[{"@type":"SearchAction","target":{"@type":"EntryPoint","urlTemplate":"https:\/\/www.delfiniahotels.gr\/fr\/?s={search_term_string}"},"query-input":{"@type":"PropertyValueSpecification","valueRequired":true,"valueName":"search_term_string"}}],"inLanguage":"fr-FR"}]}},"_links":{"self":[{"href":"https:\/\/www.delfiniahotels.gr\/fr\/wp-json\/wp\/v2\/pages\/23621","targetHints":{"allow":["GET"]}}],"collection":[{"href":"https:\/\/www.delfiniahotels.gr\/fr\/wp-json\/wp\/v2\/pages"}],"about":[{"href":"https:\/\/www.delfiniahotels.gr\/fr\/wp-json\/wp\/v2\/types\/page"}],"author":[{"embeddable":true,"href":"https:\/\/www.delfiniahotels.gr\/fr\/wp-json\/wp\/v2\/users\/1"}],"replies":[{"embeddable":true,"href":"https:\/\/www.delfiniahotels.gr\/fr\/wp-json\/wp\/v2\/comments?post=23621"}],"version-history":[{"count":3,"href":"https:\/\/www.delfiniahotels.gr\/fr\/wp-json\/wp\/v2\/pages\/23621\/revisions"}],"predecessor-version":[{"id":26208,"href":"https:\/\/www.delfiniahotels.gr\/fr\/wp-json\/wp\/v2\/pages\/23621\/revisions\/26208"}],"wp:featuredmedia":[{"embeddable":true,"href":"https:\/\/www.delfiniahotels.gr\/fr\/wp-json\/wp\/v2\/media\/10050"}],"wp:attachment":[{"href":"https:\/\/www.delfiniahotels.gr\/fr\/wp-json\/wp\/v2\/media?parent=23621"}],"curies":[{"name":"wp","href":"https:\/\/api.w.org\/{rel}","templated":true}]}}