{"id":23599,"date":"2018-08-27T14:57:04","date_gmt":"2018-08-27T11:57:04","guid":{"rendered":"https:\/\/www.delfiniahotels.gr\/gastronomy\/"},"modified":"2021-08-25T10:40:18","modified_gmt":"2021-08-25T07:40:18","slug":"gastronomy","status":"publish","type":"page","link":"https:\/\/www.delfiniahotels.gr\/fr\/gastronomy\/","title":{"rendered":"Restaurants et bars"},"content":{"rendered":"<h2>Pour qui souhaite savourer la gastronomie locale, ses plats, ses produits et ses boissons, nous vous proposons plusieurs solutions :<\/h2>\n<h2>RESTAURANT FEAKES<\/h2>\n<p>OU COMMENT BIEN D\u00c9MARRER ET TERMINER VOTRE JOURN\u00c9E La meilleure mani\u00e8re de d\u00e9marrer votre journ\u00e9e sur l\u2019\u00eele des Ph\u00e9aciens. Profitez du buffet de petit-d\u00e9jeuner, dont les produits sont renouvel\u00e9s chaque jour, avec sa vue dominant la piscine et baign\u00e9 dans lumi\u00e8re du soleil levant. Terminez votre journ\u00e9e par un d\u00eener au restaurant Feakes. Notre buffet propose un large choix de plats, pour tous les go\u00fbts. Des soir\u00e9es \u00e0 th\u00e8mes sont organis\u00e9es pour vous faire d\u00e9guster diff\u00e9rentes gastronomies\u00a0: grecque, italienne ou corfiote, et sont accompagn\u00e9es d\u2019un groupe de musique. D\u00e9gustez les produits de la mer de Corfou tout en savourant nos vins les plus d\u00e9licats. Le service efficace et discret de notre personnel chevronn\u00e9 sera aussi un des ingr\u00e9dients phares de cette exp\u00e9rience culinaire. Nous pr\u00e9parons tous nos plats en avance, nous vous invitons donc \u00e0 nous pr\u00e9venir si vous souffrez d\u2019allergies ou d\u2019intol\u00e9rances. Horaires d\u2019ouvertures\u00a0: Petit-d\u00e9jeuner 07:00 \u2013 10:15 D\u00eener 19:00 \u2013 21:30<\/p>\n<h2>TAVERNE NAFSIKA<\/h2>\n<p>D\u00c9LICES AVEC VUE L\u2019endroit parfait pour d\u00e9jeuner avec son large choix de sp\u00e9cialit\u00e9s r\u00e9gionales \u00ab\u00a0\u00e0 la carte\u00a0\u00bb ou son plat du jour. Vous pouvez \u00e9galement commander une pita souvlaki \u00e0 emporter et la d\u00e9guster sous votre parasol sur la plage. Les prestations dans la taverne de plage de l\u2019h\u00f4tel comprennent \u00e9galement une vue sur la mer envo\u00fbtante, de l\u2019ombre naturelle, de la musique grecque douce et, bien \u00e9videmment, un service attentionn\u00e9. Horaires d\u2019ouverture 12:00 &#8211; 18:00<\/p>\n<h2>KIRKI BEACH BAR<\/h2>\n<p>LAISSEZ-VOUS TRANSPORTER PAR LA MAGIE Commencez votre d\u00e9gustation par un jus de fruit, une s\u00e9lection de caf\u00e9s, ou pourquoi pas un smoothie ou une boisson au Kirki Beach Bar. Les soir\u00e9es d\u2019\u00e9t\u00e9 sont toujours pleines de surprises, alors laissez vous tenter par une de nos sp\u00e9cialit\u00e9s de cocktails ou par une bi\u00e8re locale et que la f\u00eate commence\u00a0! Le bar propose de musique live chaque soir jusqu\u2019\u00e0 minuit, et des danseurs traditionnels grecs une fois par semaine, pour vous garantir un moment magique. Horaires d\u2019ouverture 10:00 &#8211; minuit<\/p>\n","protected":false},"excerpt":{"rendered":"<p>Pour qui souhaite savourer la gastronomie locale, ses plats, ses produits et ses boissons, nous vous proposons plusieurs solutions : RESTAURANT FEAKES OU COMMENT BIEN D\u00c9MARRER ET TERMINER VOTRE JOURN\u00c9E La meilleure mani\u00e8re de d\u00e9marrer votre journ\u00e9e sur l\u2019\u00eele des Ph\u00e9aciens. Profitez du buffet de petit-d\u00e9jeuner, dont les produits sont renouvel\u00e9s chaque jour, avec sa<\/p>\n","protected":false},"author":1,"featured_media":10054,"parent":0,"menu_order":0,"comment_status":"closed","ping_status":"closed","template":"","meta":{"_acf_changed":false,"footnotes":""},"class_list":["post-23599","page","type-page","status-publish","has-post-thumbnail","hentry"],"acf":[],"yoast_head":"<!-- This site is optimized with the Yoast SEO plugin v27.3 - https:\/\/yoast.com\/product\/yoast-seo-wordpress\/ -->\n<title>Restaurants et bars - Delfinia Hotels<\/title>\n<meta name=\"robots\" content=\"index, follow, max-snippet:-1, max-image-preview:large, max-video-preview:-1\" \/>\n<link rel=\"canonical\" href=\"https:\/\/www.delfiniahotels.gr\/fr\/gastronomy\/\" \/>\n<meta property=\"og:locale\" content=\"fr_FR\" \/>\n<meta property=\"og:type\" content=\"article\" \/>\n<meta property=\"og:title\" content=\"Restaurants et bars - Delfinia Hotels\" \/>\n<meta property=\"og:description\" content=\"Pour qui souhaite savourer la gastronomie locale, ses plats, ses produits et ses boissons, nous vous proposons plusieurs solutions : RESTAURANT FEAKES OU COMMENT BIEN D\u00c9MARRER ET TERMINER VOTRE JOURN\u00c9E La meilleure mani\u00e8re de d\u00e9marrer votre journ\u00e9e sur l\u2019\u00eele des Ph\u00e9aciens. Profitez du buffet de petit-d\u00e9jeuner, dont les produits sont renouvel\u00e9s chaque jour, avec sa\" \/>\n<meta property=\"og:url\" content=\"https:\/\/www.delfiniahotels.gr\/fr\/gastronomy\/\" \/>\n<meta property=\"og:site_name\" content=\"Delfinia Hotels\" \/>\n<meta property=\"article:modified_time\" content=\"2021-08-25T07:40:18+00:00\" \/>\n<meta property=\"og:image\" content=\"https:\/\/www.delfiniahotels.gr\/app\/uploads\/sites\/38\/2020\/01\/delfinia19-0822_resized.jpg\" \/>\n\t<meta property=\"og:image:width\" content=\"1920\" \/>\n\t<meta property=\"og:image:height\" content=\"1280\" \/>\n\t<meta property=\"og:image:type\" content=\"image\/jpeg\" \/>\n<meta name=\"twitter:card\" content=\"summary_large_image\" \/>\n<meta name=\"twitter:label1\" content=\"Dur\u00e9e de lecture estim\u00e9e\" \/>\n\t<meta name=\"twitter:data1\" content=\"2 minutes\" \/>\n<script type=\"application\/ld+json\" class=\"yoast-schema-graph\">{\"@context\":\"https:\\\/\\\/schema.org\",\"@graph\":[{\"@type\":\"WebPage\",\"@id\":\"https:\\\/\\\/www.delfiniahotels.gr\\\/fr\\\/gastronomy\\\/\",\"url\":\"https:\\\/\\\/www.delfiniahotels.gr\\\/fr\\\/gastronomy\\\/\",\"name\":\"Restaurants et bars - Delfinia Hotels\",\"isPartOf\":{\"@id\":\"https:\\\/\\\/www.delfiniahotels.gr\\\/fr\\\/#website\"},\"primaryImageOfPage\":{\"@id\":\"https:\\\/\\\/www.delfiniahotels.gr\\\/fr\\\/gastronomy\\\/#primaryimage\"},\"image\":{\"@id\":\"https:\\\/\\\/www.delfiniahotels.gr\\\/fr\\\/gastronomy\\\/#primaryimage\"},\"thumbnailUrl\":\"https:\\\/\\\/www.delfiniahotels.gr\\\/app\\\/uploads\\\/sites\\\/38\\\/2020\\\/01\\\/delfinia19-0822_resized.jpg\",\"datePublished\":\"2018-08-27T11:57:04+00:00\",\"dateModified\":\"2021-08-25T07:40:18+00:00\",\"breadcrumb\":{\"@id\":\"https:\\\/\\\/www.delfiniahotels.gr\\\/fr\\\/gastronomy\\\/#breadcrumb\"},\"inLanguage\":\"fr-FR\",\"potentialAction\":[{\"@type\":\"ReadAction\",\"target\":[\"https:\\\/\\\/www.delfiniahotels.gr\\\/fr\\\/gastronomy\\\/\"]}]},{\"@type\":\"ImageObject\",\"inLanguage\":\"fr-FR\",\"@id\":\"https:\\\/\\\/www.delfiniahotels.gr\\\/fr\\\/gastronomy\\\/#primaryimage\",\"url\":\"https:\\\/\\\/www.delfiniahotels.gr\\\/app\\\/uploads\\\/sites\\\/38\\\/2020\\\/01\\\/delfinia19-0822_resized.jpg\",\"contentUrl\":\"https:\\\/\\\/www.delfiniahotels.gr\\\/app\\\/uploads\\\/sites\\\/38\\\/2020\\\/01\\\/delfinia19-0822_resized.jpg\",\"width\":1920,\"height\":1280},{\"@type\":\"BreadcrumbList\",\"@id\":\"https:\\\/\\\/www.delfiniahotels.gr\\\/fr\\\/gastronomy\\\/#breadcrumb\",\"itemListElement\":[{\"@type\":\"ListItem\",\"position\":1,\"name\":\"Home\",\"item\":\"https:\\\/\\\/www.delfiniahotels.gr\\\/fr\\\/\"},{\"@type\":\"ListItem\",\"position\":2,\"name\":\"Restaurants et bars\"}]},{\"@type\":\"WebSite\",\"@id\":\"https:\\\/\\\/www.delfiniahotels.gr\\\/fr\\\/#website\",\"url\":\"https:\\\/\\\/www.delfiniahotels.gr\\\/fr\\\/\",\"name\":\"Delfinia Hotels\",\"description\":\"Delfinia Hotels\",\"potentialAction\":[{\"@type\":\"SearchAction\",\"target\":{\"@type\":\"EntryPoint\",\"urlTemplate\":\"https:\\\/\\\/www.delfiniahotels.gr\\\/fr\\\/?s={search_term_string}\"},\"query-input\":{\"@type\":\"PropertyValueSpecification\",\"valueRequired\":true,\"valueName\":\"search_term_string\"}}],\"inLanguage\":\"fr-FR\"}]}<\/script>\n<!-- \/ Yoast SEO plugin. -->","yoast_head_json":{"title":"Restaurants et bars - Delfinia Hotels","robots":{"index":"index","follow":"follow","max-snippet":"max-snippet:-1","max-image-preview":"max-image-preview:large","max-video-preview":"max-video-preview:-1"},"canonical":"https:\/\/www.delfiniahotels.gr\/fr\/gastronomy\/","og_locale":"fr_FR","og_type":"article","og_title":"Restaurants et bars - Delfinia Hotels","og_description":"Pour qui souhaite savourer la gastronomie locale, ses plats, ses produits et ses boissons, nous vous proposons plusieurs solutions : RESTAURANT FEAKES OU COMMENT BIEN D\u00c9MARRER ET TERMINER VOTRE JOURN\u00c9E La meilleure mani\u00e8re de d\u00e9marrer votre journ\u00e9e sur l\u2019\u00eele des Ph\u00e9aciens. Profitez du buffet de petit-d\u00e9jeuner, dont les produits sont renouvel\u00e9s chaque jour, avec sa","og_url":"https:\/\/www.delfiniahotels.gr\/fr\/gastronomy\/","og_site_name":"Delfinia Hotels","article_modified_time":"2021-08-25T07:40:18+00:00","og_image":[{"width":1920,"height":1280,"url":"https:\/\/www.delfiniahotels.gr\/app\/uploads\/sites\/38\/2020\/01\/delfinia19-0822_resized.jpg","type":"image\/jpeg"}],"twitter_card":"summary_large_image","twitter_misc":{"Dur\u00e9e de lecture estim\u00e9e":"2 minutes"},"schema":{"@context":"https:\/\/schema.org","@graph":[{"@type":"WebPage","@id":"https:\/\/www.delfiniahotels.gr\/fr\/gastronomy\/","url":"https:\/\/www.delfiniahotels.gr\/fr\/gastronomy\/","name":"Restaurants et bars - Delfinia Hotels","isPartOf":{"@id":"https:\/\/www.delfiniahotels.gr\/fr\/#website"},"primaryImageOfPage":{"@id":"https:\/\/www.delfiniahotels.gr\/fr\/gastronomy\/#primaryimage"},"image":{"@id":"https:\/\/www.delfiniahotels.gr\/fr\/gastronomy\/#primaryimage"},"thumbnailUrl":"https:\/\/www.delfiniahotels.gr\/app\/uploads\/sites\/38\/2020\/01\/delfinia19-0822_resized.jpg","datePublished":"2018-08-27T11:57:04+00:00","dateModified":"2021-08-25T07:40:18+00:00","breadcrumb":{"@id":"https:\/\/www.delfiniahotels.gr\/fr\/gastronomy\/#breadcrumb"},"inLanguage":"fr-FR","potentialAction":[{"@type":"ReadAction","target":["https:\/\/www.delfiniahotels.gr\/fr\/gastronomy\/"]}]},{"@type":"ImageObject","inLanguage":"fr-FR","@id":"https:\/\/www.delfiniahotels.gr\/fr\/gastronomy\/#primaryimage","url":"https:\/\/www.delfiniahotels.gr\/app\/uploads\/sites\/38\/2020\/01\/delfinia19-0822_resized.jpg","contentUrl":"https:\/\/www.delfiniahotels.gr\/app\/uploads\/sites\/38\/2020\/01\/delfinia19-0822_resized.jpg","width":1920,"height":1280},{"@type":"BreadcrumbList","@id":"https:\/\/www.delfiniahotels.gr\/fr\/gastronomy\/#breadcrumb","itemListElement":[{"@type":"ListItem","position":1,"name":"Home","item":"https:\/\/www.delfiniahotels.gr\/fr\/"},{"@type":"ListItem","position":2,"name":"Restaurants et bars"}]},{"@type":"WebSite","@id":"https:\/\/www.delfiniahotels.gr\/fr\/#website","url":"https:\/\/www.delfiniahotels.gr\/fr\/","name":"Delfinia Hotels","description":"Delfinia Hotels","potentialAction":[{"@type":"SearchAction","target":{"@type":"EntryPoint","urlTemplate":"https:\/\/www.delfiniahotels.gr\/fr\/?s={search_term_string}"},"query-input":{"@type":"PropertyValueSpecification","valueRequired":true,"valueName":"search_term_string"}}],"inLanguage":"fr-FR"}]}},"_links":{"self":[{"href":"https:\/\/www.delfiniahotels.gr\/fr\/wp-json\/wp\/v2\/pages\/23599","targetHints":{"allow":["GET"]}}],"collection":[{"href":"https:\/\/www.delfiniahotels.gr\/fr\/wp-json\/wp\/v2\/pages"}],"about":[{"href":"https:\/\/www.delfiniahotels.gr\/fr\/wp-json\/wp\/v2\/types\/page"}],"author":[{"embeddable":true,"href":"https:\/\/www.delfiniahotels.gr\/fr\/wp-json\/wp\/v2\/users\/1"}],"replies":[{"embeddable":true,"href":"https:\/\/www.delfiniahotels.gr\/fr\/wp-json\/wp\/v2\/comments?post=23599"}],"version-history":[{"count":5,"href":"https:\/\/www.delfiniahotels.gr\/fr\/wp-json\/wp\/v2\/pages\/23599\/revisions"}],"predecessor-version":[{"id":114013,"href":"https:\/\/www.delfiniahotels.gr\/fr\/wp-json\/wp\/v2\/pages\/23599\/revisions\/114013"}],"wp:featuredmedia":[{"embeddable":true,"href":"https:\/\/www.delfiniahotels.gr\/fr\/wp-json\/wp\/v2\/media\/10054"}],"wp:attachment":[{"href":"https:\/\/www.delfiniahotels.gr\/fr\/wp-json\/wp\/v2\/media?parent=23599"}],"curies":[{"name":"wp","href":"https:\/\/api.w.org\/{rel}","templated":true}]}}