{"id":23569,"date":"2018-08-27T05:52:47","date_gmt":"2018-08-27T02:52:47","guid":{"rendered":"https:\/\/www.delfiniahotels.gr\/location\/"},"modified":"2021-08-25T10:35:46","modified_gmt":"2021-08-25T07:35:46","slug":"location","status":"publish","type":"page","link":"https:\/\/www.delfiniahotels.gr\/fr\/location\/","title":{"rendered":"Localisation"},"content":{"rendered":"<h2>D\u00e9couvrez le caract\u00e8re unique de Kerkyra de la mer Ionienne.<\/h2>\n<h2><strong>Corfou <\/strong><\/h2>\n<p><strong>L\u2019\u00eele verte<\/strong><u><b><\/b><\/u> Situ\u00e9e dans le nord-ouest de la Gr\u00e8ce, l\u2019histoire de Corfou riche et fascinante. La vieille ville, v\u00e9ritable un mus\u00e9e \u00e0 ciel ouvert, est inscrite au patrimoine mondial de l\u2019UNESCO. Ses remarquables monuments, ses mus\u00e9es uniques et son centre culturel font de Corfou une des \u00eeles grecques les plus multiculturelles et cosmopolites. Corfou se targue \u00e9galement d\u2019un patrimoine naturel in\u00e9galable avec ses lagons, rivi\u00e8res, montagnes, for\u00eats, ses impressionnants r\u00e9seaux de sentiers, sa v\u00e9g\u00e9tation dense et son incroyable biodiversit\u00e9 compos\u00e9e de centaines d\u2019oiseaux, fleurs sauvages et esp\u00e8ces animales uniques \u00e0 Corfou. Ses plages \u00e0 l\u2019eau cristalline, connues dans le monde entier, sont \u00e0 seulement deux pas, tandis que sa vie nocturne et sa c\u00e9l\u00e8bre gastronomie sauront envo\u00fbter les visiteurs. L\u2019ancien et le nouveau, le naturel et le culturel, co-existent en harmonie.<\/p>\n<h2><strong>Moraitika<\/strong><\/h2>\n<p><strong>H\u00f4tel en bord de mer<\/strong> L\u2019h\u00f4tel est facile d\u2019acc\u00e8s, et situ\u00e9 \u00e0 seulement 20\u00a0km au sud de la ville de Corfou, juste avant l\u2019estuaire de la rivi\u00e8re Messonghi. Sur la route principale, dans le village voisin de Moraitika, il est possible de trouver toute sorte de services tels que des bars, caf\u00e9s, restaurants ainsi que des supermarch\u00e9s, pharmacies et une vari\u00e9t\u00e9 de produits locaux et de boutiques de souvenirs. Plus haut sur la colline se situe l\u2019ancien village pittoresque de Moraitika, offrant une vue panoramique \u00e0 couper le souffle, et o\u00f9 l&rsquo;on peut trouver des tavernes traditionnelles, ainsi que l\u2019\u00e9glise, d\u00e9di\u00e9e \u00e0 la Vierge Marie. La plage de sable du village, d\u2019une eau cristalline chaude et peu profonde, est adapt\u00e9e aux familles ainsi qu\u2019aux personnes \u00e0 mobilit\u00e9 r\u00e9duite. Vous pourrez \u00e9galement trouver une vari\u00e9t\u00e9 de restaurants de poisson et de caf\u00e9s le long de la plage.<\/p>\n","protected":false},"excerpt":{"rendered":"<p>D\u00e9couvrez le caract\u00e8re unique de Kerkyra de la mer Ionienne. Corfou L\u2019\u00eele verte Situ\u00e9e dans le nord-ouest de la Gr\u00e8ce, l\u2019histoire de Corfou riche et fascinante. La vieille ville, v\u00e9ritable un mus\u00e9e \u00e0 ciel ouvert, est inscrite au patrimoine mondial de l\u2019UNESCO. Ses remarquables monuments, ses mus\u00e9es uniques et son centre culturel font de Corfou<\/p>\n","protected":false},"author":1,"featured_media":26129,"parent":0,"menu_order":0,"comment_status":"closed","ping_status":"closed","template":"","meta":{"_acf_changed":false,"footnotes":""},"class_list":["post-23569","page","type-page","status-publish","has-post-thumbnail","hentry"],"acf":[],"yoast_head":"<!-- This site is optimized with the Yoast SEO plugin v27.3 - https:\/\/yoast.com\/product\/yoast-seo-wordpress\/ -->\n<title>Delfinia Hotels<\/title>\n<meta name=\"robots\" content=\"index, follow, max-snippet:-1, max-image-preview:large, max-video-preview:-1\" \/>\n<link rel=\"canonical\" href=\"https:\/\/www.delfiniahotels.gr\/fr\/location\/\" \/>\n<meta property=\"og:locale\" content=\"fr_FR\" \/>\n<meta property=\"og:type\" content=\"article\" \/>\n<meta property=\"og:title\" content=\"Delfinia Hotels\" \/>\n<meta property=\"og:description\" content=\"D\u00e9couvrez le caract\u00e8re unique de Kerkyra de la mer Ionienne. Corfou L\u2019\u00eele verte Situ\u00e9e dans le nord-ouest de la Gr\u00e8ce, l\u2019histoire de Corfou riche et fascinante. La vieille ville, v\u00e9ritable un mus\u00e9e \u00e0 ciel ouvert, est inscrite au patrimoine mondial de l\u2019UNESCO. Ses remarquables monuments, ses mus\u00e9es uniques et son centre culturel font de Corfou\" \/>\n<meta property=\"og:url\" content=\"https:\/\/www.delfiniahotels.gr\/fr\/location\/\" \/>\n<meta property=\"og:site_name\" content=\"Delfinia Hotels\" \/>\n<meta property=\"article:modified_time\" content=\"2021-08-25T07:35:46+00:00\" \/>\n<meta property=\"og:image\" content=\"https:\/\/www.delfiniahotels.gr\/app\/uploads\/sites\/38\/2021\/07\/delfinia19-0005_resized-1-34.jpg\" \/>\n\t<meta property=\"og:image:width\" content=\"1920\" \/>\n\t<meta property=\"og:image:height\" content=\"1279\" \/>\n\t<meta property=\"og:image:type\" content=\"image\/jpeg\" \/>\n<meta name=\"twitter:card\" content=\"summary_large_image\" \/>\n<meta name=\"twitter:label1\" content=\"Dur\u00e9e de lecture estim\u00e9e\" \/>\n\t<meta name=\"twitter:data1\" content=\"2 minutes\" \/>\n<script type=\"application\/ld+json\" class=\"yoast-schema-graph\">{\"@context\":\"https:\\\/\\\/schema.org\",\"@graph\":[{\"@type\":\"WebPage\",\"@id\":\"https:\\\/\\\/www.delfiniahotels.gr\\\/fr\\\/location\\\/\",\"url\":\"https:\\\/\\\/www.delfiniahotels.gr\\\/fr\\\/location\\\/\",\"name\":\"Delfinia Hotels\",\"isPartOf\":{\"@id\":\"https:\\\/\\\/www.delfiniahotels.gr\\\/fr\\\/#website\"},\"primaryImageOfPage\":{\"@id\":\"https:\\\/\\\/www.delfiniahotels.gr\\\/fr\\\/location\\\/#primaryimage\"},\"image\":{\"@id\":\"https:\\\/\\\/www.delfiniahotels.gr\\\/fr\\\/location\\\/#primaryimage\"},\"thumbnailUrl\":\"https:\\\/\\\/www.delfiniahotels.gr\\\/app\\\/uploads\\\/sites\\\/38\\\/2021\\\/07\\\/delfinia19-0005_resized-1-34.jpg\",\"datePublished\":\"2018-08-27T02:52:47+00:00\",\"dateModified\":\"2021-08-25T07:35:46+00:00\",\"breadcrumb\":{\"@id\":\"https:\\\/\\\/www.delfiniahotels.gr\\\/fr\\\/location\\\/#breadcrumb\"},\"inLanguage\":\"fr-FR\",\"potentialAction\":[{\"@type\":\"ReadAction\",\"target\":[\"https:\\\/\\\/www.delfiniahotels.gr\\\/fr\\\/location\\\/\"]}]},{\"@type\":\"ImageObject\",\"inLanguage\":\"fr-FR\",\"@id\":\"https:\\\/\\\/www.delfiniahotels.gr\\\/fr\\\/location\\\/#primaryimage\",\"url\":\"https:\\\/\\\/www.delfiniahotels.gr\\\/app\\\/uploads\\\/sites\\\/38\\\/2021\\\/07\\\/delfinia19-0005_resized-1-34.jpg\",\"contentUrl\":\"https:\\\/\\\/www.delfiniahotels.gr\\\/app\\\/uploads\\\/sites\\\/38\\\/2021\\\/07\\\/delfinia19-0005_resized-1-34.jpg\",\"width\":1920,\"height\":1279},{\"@type\":\"BreadcrumbList\",\"@id\":\"https:\\\/\\\/www.delfiniahotels.gr\\\/fr\\\/location\\\/#breadcrumb\",\"itemListElement\":[{\"@type\":\"ListItem\",\"position\":1,\"name\":\"Home\",\"item\":\"https:\\\/\\\/www.delfiniahotels.gr\\\/fr\\\/\"},{\"@type\":\"ListItem\",\"position\":2,\"name\":\"Localisation\"}]},{\"@type\":\"WebSite\",\"@id\":\"https:\\\/\\\/www.delfiniahotels.gr\\\/fr\\\/#website\",\"url\":\"https:\\\/\\\/www.delfiniahotels.gr\\\/fr\\\/\",\"name\":\"Delfinia Hotels\",\"description\":\"Delfinia Hotels\",\"potentialAction\":[{\"@type\":\"SearchAction\",\"target\":{\"@type\":\"EntryPoint\",\"urlTemplate\":\"https:\\\/\\\/www.delfiniahotels.gr\\\/fr\\\/?s={search_term_string}\"},\"query-input\":{\"@type\":\"PropertyValueSpecification\",\"valueRequired\":true,\"valueName\":\"search_term_string\"}}],\"inLanguage\":\"fr-FR\"}]}<\/script>\n<!-- \/ Yoast SEO plugin. -->","yoast_head_json":{"title":"Delfinia Hotels","robots":{"index":"index","follow":"follow","max-snippet":"max-snippet:-1","max-image-preview":"max-image-preview:large","max-video-preview":"max-video-preview:-1"},"canonical":"https:\/\/www.delfiniahotels.gr\/fr\/location\/","og_locale":"fr_FR","og_type":"article","og_title":"Delfinia Hotels","og_description":"D\u00e9couvrez le caract\u00e8re unique de Kerkyra de la mer Ionienne. Corfou L\u2019\u00eele verte Situ\u00e9e dans le nord-ouest de la Gr\u00e8ce, l\u2019histoire de Corfou riche et fascinante. La vieille ville, v\u00e9ritable un mus\u00e9e \u00e0 ciel ouvert, est inscrite au patrimoine mondial de l\u2019UNESCO. Ses remarquables monuments, ses mus\u00e9es uniques et son centre culturel font de Corfou","og_url":"https:\/\/www.delfiniahotels.gr\/fr\/location\/","og_site_name":"Delfinia Hotels","article_modified_time":"2021-08-25T07:35:46+00:00","og_image":[{"width":1920,"height":1279,"url":"https:\/\/www.delfiniahotels.gr\/app\/uploads\/sites\/38\/2021\/07\/delfinia19-0005_resized-1-34.jpg","type":"image\/jpeg"}],"twitter_card":"summary_large_image","twitter_misc":{"Dur\u00e9e de lecture estim\u00e9e":"2 minutes"},"schema":{"@context":"https:\/\/schema.org","@graph":[{"@type":"WebPage","@id":"https:\/\/www.delfiniahotels.gr\/fr\/location\/","url":"https:\/\/www.delfiniahotels.gr\/fr\/location\/","name":"Delfinia Hotels","isPartOf":{"@id":"https:\/\/www.delfiniahotels.gr\/fr\/#website"},"primaryImageOfPage":{"@id":"https:\/\/www.delfiniahotels.gr\/fr\/location\/#primaryimage"},"image":{"@id":"https:\/\/www.delfiniahotels.gr\/fr\/location\/#primaryimage"},"thumbnailUrl":"https:\/\/www.delfiniahotels.gr\/app\/uploads\/sites\/38\/2021\/07\/delfinia19-0005_resized-1-34.jpg","datePublished":"2018-08-27T02:52:47+00:00","dateModified":"2021-08-25T07:35:46+00:00","breadcrumb":{"@id":"https:\/\/www.delfiniahotels.gr\/fr\/location\/#breadcrumb"},"inLanguage":"fr-FR","potentialAction":[{"@type":"ReadAction","target":["https:\/\/www.delfiniahotels.gr\/fr\/location\/"]}]},{"@type":"ImageObject","inLanguage":"fr-FR","@id":"https:\/\/www.delfiniahotels.gr\/fr\/location\/#primaryimage","url":"https:\/\/www.delfiniahotels.gr\/app\/uploads\/sites\/38\/2021\/07\/delfinia19-0005_resized-1-34.jpg","contentUrl":"https:\/\/www.delfiniahotels.gr\/app\/uploads\/sites\/38\/2021\/07\/delfinia19-0005_resized-1-34.jpg","width":1920,"height":1279},{"@type":"BreadcrumbList","@id":"https:\/\/www.delfiniahotels.gr\/fr\/location\/#breadcrumb","itemListElement":[{"@type":"ListItem","position":1,"name":"Home","item":"https:\/\/www.delfiniahotels.gr\/fr\/"},{"@type":"ListItem","position":2,"name":"Localisation"}]},{"@type":"WebSite","@id":"https:\/\/www.delfiniahotels.gr\/fr\/#website","url":"https:\/\/www.delfiniahotels.gr\/fr\/","name":"Delfinia Hotels","description":"Delfinia Hotels","potentialAction":[{"@type":"SearchAction","target":{"@type":"EntryPoint","urlTemplate":"https:\/\/www.delfiniahotels.gr\/fr\/?s={search_term_string}"},"query-input":{"@type":"PropertyValueSpecification","valueRequired":true,"valueName":"search_term_string"}}],"inLanguage":"fr-FR"}]}},"_links":{"self":[{"href":"https:\/\/www.delfiniahotels.gr\/fr\/wp-json\/wp\/v2\/pages\/23569","targetHints":{"allow":["GET"]}}],"collection":[{"href":"https:\/\/www.delfiniahotels.gr\/fr\/wp-json\/wp\/v2\/pages"}],"about":[{"href":"https:\/\/www.delfiniahotels.gr\/fr\/wp-json\/wp\/v2\/types\/page"}],"author":[{"embeddable":true,"href":"https:\/\/www.delfiniahotels.gr\/fr\/wp-json\/wp\/v2\/users\/1"}],"replies":[{"embeddable":true,"href":"https:\/\/www.delfiniahotels.gr\/fr\/wp-json\/wp\/v2\/comments?post=23569"}],"version-history":[{"count":4,"href":"https:\/\/www.delfiniahotels.gr\/fr\/wp-json\/wp\/v2\/pages\/23569\/revisions"}],"predecessor-version":[{"id":114011,"href":"https:\/\/www.delfiniahotels.gr\/fr\/wp-json\/wp\/v2\/pages\/23569\/revisions\/114011"}],"wp:featuredmedia":[{"embeddable":true,"href":"https:\/\/www.delfiniahotels.gr\/fr\/wp-json\/wp\/v2\/media\/26129"}],"wp:attachment":[{"href":"https:\/\/www.delfiniahotels.gr\/fr\/wp-json\/wp\/v2\/media?parent=23569"}],"curies":[{"name":"wp","href":"https:\/\/api.w.org\/{rel}","templated":true}]}}