{"id":22600,"date":"2020-01-09T13:14:43","date_gmt":"2020-01-09T11:14:43","guid":{"rendered":"https:\/\/www.delfiniahotels.gr\/workshops-seminars\/"},"modified":"2021-07-30T12:36:39","modified_gmt":"2021-07-30T09:36:39","slug":"workshops-seminars","status":"publish","type":"page","link":"https:\/\/www.delfiniahotels.gr\/de\/workshops-seminars\/","title":{"rendered":"Workshops &#038; Seminare"},"content":{"rendered":"<p>Viele davon sind f\u00fcr die \u00d6ffentlichkeit und auch f\u00fcr Delfinia-G\u00e4ste zug\u00e4nglich.  Wir haben zwar kein festes Programm an Workshops und Seminaren, aber wir kommunizieren diese Aktivit\u00e4ten aktiv auf dem Delphina Blog und den Facebook-Seiten und nat\u00fcrlich an der Rezeption und den Schwarzen Brettern des Hotels.  Wir beraten Sie gerne, wenn Sie Ihre eigene Interessengruppe organisieren m\u00f6chten.  <a href=\"\/contact\/\"><strong>Bitte fragen Sie uns nach aktuellen Angeboten f\u00fcr gro\u00dfe Gruppen<\/strong><\/a>. <\/p>\n<h3>EIN YOGA UND BIODANZA URLAUB<\/h3>\n<p> W\u00fcrden Sie einen etwas anderen Urlaub in Betracht ziehen?  Ariane P\u00e9clard-Sahli leitet seit drei Jahren Yoga- und Biodanza-Urlaube in den Delfinia Hotels.  Die Teilnehmer beginnen ihren Tag zur Begr\u00fc\u00dfung an die aufgehende Sonne mit Yoga am Strand und in den exquisiten Delfinia-G\u00e4rten.  Am Abend findet ein Biodanza-Bewegungs- und Tanzkreis in unserem Athena-Konferenzraum statt.  Die Delfinia Hotels bieten einen wundersch\u00f6nen und ruhigen Ort zum Entspannen, Meditieren und Abschalten, besonders in den sp\u00e4teren Monaten der Saison.  Arianes Kurs l\u00e4uft vom 13. bis 20. Oktober und ist ideal f\u00fcr alle, die einen Urlaub in der Sonne suchen, bevor die Wintermonate eintreten.  Bitte besuchen Sie <strong><a href=\"http:\/\/www.ariane-yoga-biodanza.ch\" target=\"_blank\" rel=\"noopener noreferrer\">Ariane yoga biodanza<\/a> <\/strong>f\u00fcr Kursdetails oder rufen Sie <a href=\"tel:+41 786861296\">+41 786861296<\/a> f\u00fcr direkte Buchungen an.<\/p>\n","protected":false},"excerpt":{"rendered":"<p>Viele davon sind f\u00fcr die \u00d6ffentlichkeit und auch f\u00fcr Delfinia-G\u00e4ste zug\u00e4nglich. Wir haben zwar kein festes Programm an Workshops und Seminaren, aber wir kommunizieren diese Aktivit\u00e4ten aktiv auf dem Delphina Blog und den Facebook-Seiten und nat\u00fcrlich an der Rezeption und den Schwarzen Brettern des Hotels. Wir beraten Sie gerne, wenn Sie Ihre eigene Interessengruppe organisieren<\/p>\n","protected":false},"author":1,"featured_media":22814,"parent":0,"menu_order":0,"comment_status":"closed","ping_status":"closed","template":"","meta":{"_acf_changed":false,"footnotes":""},"class_list":["post-22600","page","type-page","status-publish","has-post-thumbnail","hentry"],"acf":[],"yoast_head":"<!-- This site is optimized with the Yoast SEO plugin v27.5 - https:\/\/yoast.com\/product\/yoast-seo-wordpress\/ -->\n<title>Workshops &amp; Seminare - Delfinia Hotels<\/title>\n<meta name=\"robots\" content=\"index, follow, max-snippet:-1, max-image-preview:large, max-video-preview:-1\" \/>\n<link rel=\"canonical\" href=\"https:\/\/www.delfiniahotels.gr\/de\/workshops-seminars\/\" \/>\n<meta property=\"og:locale\" content=\"de_DE\" \/>\n<meta property=\"og:type\" content=\"article\" \/>\n<meta property=\"og:title\" content=\"Workshops &amp; Seminare - Delfinia Hotels\" \/>\n<meta property=\"og:description\" content=\"Viele davon sind f\u00fcr die \u00d6ffentlichkeit und auch f\u00fcr Delfinia-G\u00e4ste zug\u00e4nglich. Wir haben zwar kein festes Programm an Workshops und Seminaren, aber wir kommunizieren diese Aktivit\u00e4ten aktiv auf dem Delphina Blog und den Facebook-Seiten und nat\u00fcrlich an der Rezeption und den Schwarzen Brettern des Hotels. Wir beraten Sie gerne, wenn Sie Ihre eigene Interessengruppe organisieren\" \/>\n<meta property=\"og:url\" content=\"https:\/\/www.delfiniahotels.gr\/de\/workshops-seminars\/\" \/>\n<meta property=\"og:site_name\" content=\"Delfinia Hotels\" \/>\n<meta property=\"article:modified_time\" content=\"2021-07-30T09:36:39+00:00\" \/>\n<meta property=\"og:image\" content=\"https:\/\/www.delfiniahotels.gr\/app\/uploads\/sites\/38\/2019\/12\/delfinia19-0033_resized.jpg\" \/>\n\t<meta property=\"og:image:width\" content=\"1920\" \/>\n\t<meta property=\"og:image:height\" content=\"1279\" \/>\n\t<meta property=\"og:image:type\" content=\"image\/jpeg\" \/>\n<meta name=\"twitter:card\" content=\"summary_large_image\" \/>\n<meta name=\"twitter:label1\" content=\"Gesch\u00e4tzte Lesezeit\" \/>\n\t<meta name=\"twitter:data1\" content=\"1\u00a0Minute\" \/>\n<script type=\"application\/ld+json\" class=\"yoast-schema-graph\">{\"@context\":\"https:\\\/\\\/schema.org\",\"@graph\":[{\"@type\":\"WebPage\",\"@id\":\"https:\\\/\\\/www.delfiniahotels.gr\\\/de\\\/workshops-seminars\\\/\",\"url\":\"https:\\\/\\\/www.delfiniahotels.gr\\\/de\\\/workshops-seminars\\\/\",\"name\":\"Workshops & Seminare - Delfinia Hotels\",\"isPartOf\":{\"@id\":\"https:\\\/\\\/www.delfiniahotels.gr\\\/de\\\/#website\"},\"primaryImageOfPage\":{\"@id\":\"https:\\\/\\\/www.delfiniahotels.gr\\\/de\\\/workshops-seminars\\\/#primaryimage\"},\"image\":{\"@id\":\"https:\\\/\\\/www.delfiniahotels.gr\\\/de\\\/workshops-seminars\\\/#primaryimage\"},\"thumbnailUrl\":\"https:\\\/\\\/www.delfiniahotels.gr\\\/app\\\/uploads\\\/sites\\\/38\\\/2019\\\/12\\\/delfinia19-0033_resized.jpg\",\"datePublished\":\"2020-01-09T11:14:43+00:00\",\"dateModified\":\"2021-07-30T09:36:39+00:00\",\"breadcrumb\":{\"@id\":\"https:\\\/\\\/www.delfiniahotels.gr\\\/de\\\/workshops-seminars\\\/#breadcrumb\"},\"inLanguage\":\"de\",\"potentialAction\":[{\"@type\":\"ReadAction\",\"target\":[\"https:\\\/\\\/www.delfiniahotels.gr\\\/de\\\/workshops-seminars\\\/\"]}]},{\"@type\":\"ImageObject\",\"inLanguage\":\"de\",\"@id\":\"https:\\\/\\\/www.delfiniahotels.gr\\\/de\\\/workshops-seminars\\\/#primaryimage\",\"url\":\"https:\\\/\\\/www.delfiniahotels.gr\\\/app\\\/uploads\\\/sites\\\/38\\\/2019\\\/12\\\/delfinia19-0033_resized.jpg\",\"contentUrl\":\"https:\\\/\\\/www.delfiniahotels.gr\\\/app\\\/uploads\\\/sites\\\/38\\\/2019\\\/12\\\/delfinia19-0033_resized.jpg\",\"width\":1920,\"height\":1279},{\"@type\":\"BreadcrumbList\",\"@id\":\"https:\\\/\\\/www.delfiniahotels.gr\\\/de\\\/workshops-seminars\\\/#breadcrumb\",\"itemListElement\":[{\"@type\":\"ListItem\",\"position\":1,\"name\":\"Home\",\"item\":\"https:\\\/\\\/www.delfiniahotels.gr\\\/de\\\/\"},{\"@type\":\"ListItem\",\"position\":2,\"name\":\"Workshops &#038; Seminare\"}]},{\"@type\":\"WebSite\",\"@id\":\"https:\\\/\\\/www.delfiniahotels.gr\\\/de\\\/#website\",\"url\":\"https:\\\/\\\/www.delfiniahotels.gr\\\/de\\\/\",\"name\":\"Delfinia Hotels\",\"description\":\"Delfinia Hotels\",\"potentialAction\":[{\"@type\":\"SearchAction\",\"target\":{\"@type\":\"EntryPoint\",\"urlTemplate\":\"https:\\\/\\\/www.delfiniahotels.gr\\\/de\\\/?s={search_term_string}\"},\"query-input\":{\"@type\":\"PropertyValueSpecification\",\"valueRequired\":true,\"valueName\":\"search_term_string\"}}],\"inLanguage\":\"de\"}]}<\/script>\n<!-- \/ Yoast SEO plugin. -->","yoast_head_json":{"title":"Workshops & Seminare - Delfinia Hotels","robots":{"index":"index","follow":"follow","max-snippet":"max-snippet:-1","max-image-preview":"max-image-preview:large","max-video-preview":"max-video-preview:-1"},"canonical":"https:\/\/www.delfiniahotels.gr\/de\/workshops-seminars\/","og_locale":"de_DE","og_type":"article","og_title":"Workshops & Seminare - Delfinia Hotels","og_description":"Viele davon sind f\u00fcr die \u00d6ffentlichkeit und auch f\u00fcr Delfinia-G\u00e4ste zug\u00e4nglich. Wir haben zwar kein festes Programm an Workshops und Seminaren, aber wir kommunizieren diese Aktivit\u00e4ten aktiv auf dem Delphina Blog und den Facebook-Seiten und nat\u00fcrlich an der Rezeption und den Schwarzen Brettern des Hotels. Wir beraten Sie gerne, wenn Sie Ihre eigene Interessengruppe organisieren","og_url":"https:\/\/www.delfiniahotels.gr\/de\/workshops-seminars\/","og_site_name":"Delfinia Hotels","article_modified_time":"2021-07-30T09:36:39+00:00","og_image":[{"width":1920,"height":1279,"url":"https:\/\/www.delfiniahotels.gr\/app\/uploads\/sites\/38\/2019\/12\/delfinia19-0033_resized.jpg","type":"image\/jpeg"}],"twitter_card":"summary_large_image","twitter_misc":{"Gesch\u00e4tzte Lesezeit":"1\u00a0Minute"},"schema":{"@context":"https:\/\/schema.org","@graph":[{"@type":"WebPage","@id":"https:\/\/www.delfiniahotels.gr\/de\/workshops-seminars\/","url":"https:\/\/www.delfiniahotels.gr\/de\/workshops-seminars\/","name":"Workshops & Seminare - Delfinia Hotels","isPartOf":{"@id":"https:\/\/www.delfiniahotels.gr\/de\/#website"},"primaryImageOfPage":{"@id":"https:\/\/www.delfiniahotels.gr\/de\/workshops-seminars\/#primaryimage"},"image":{"@id":"https:\/\/www.delfiniahotels.gr\/de\/workshops-seminars\/#primaryimage"},"thumbnailUrl":"https:\/\/www.delfiniahotels.gr\/app\/uploads\/sites\/38\/2019\/12\/delfinia19-0033_resized.jpg","datePublished":"2020-01-09T11:14:43+00:00","dateModified":"2021-07-30T09:36:39+00:00","breadcrumb":{"@id":"https:\/\/www.delfiniahotels.gr\/de\/workshops-seminars\/#breadcrumb"},"inLanguage":"de","potentialAction":[{"@type":"ReadAction","target":["https:\/\/www.delfiniahotels.gr\/de\/workshops-seminars\/"]}]},{"@type":"ImageObject","inLanguage":"de","@id":"https:\/\/www.delfiniahotels.gr\/de\/workshops-seminars\/#primaryimage","url":"https:\/\/www.delfiniahotels.gr\/app\/uploads\/sites\/38\/2019\/12\/delfinia19-0033_resized.jpg","contentUrl":"https:\/\/www.delfiniahotels.gr\/app\/uploads\/sites\/38\/2019\/12\/delfinia19-0033_resized.jpg","width":1920,"height":1279},{"@type":"BreadcrumbList","@id":"https:\/\/www.delfiniahotels.gr\/de\/workshops-seminars\/#breadcrumb","itemListElement":[{"@type":"ListItem","position":1,"name":"Home","item":"https:\/\/www.delfiniahotels.gr\/de\/"},{"@type":"ListItem","position":2,"name":"Workshops &#038; Seminare"}]},{"@type":"WebSite","@id":"https:\/\/www.delfiniahotels.gr\/de\/#website","url":"https:\/\/www.delfiniahotels.gr\/de\/","name":"Delfinia Hotels","description":"Delfinia Hotels","potentialAction":[{"@type":"SearchAction","target":{"@type":"EntryPoint","urlTemplate":"https:\/\/www.delfiniahotels.gr\/de\/?s={search_term_string}"},"query-input":{"@type":"PropertyValueSpecification","valueRequired":true,"valueName":"search_term_string"}}],"inLanguage":"de"}]}},"_links":{"self":[{"href":"https:\/\/www.delfiniahotels.gr\/de\/wp-json\/wp\/v2\/pages\/22600","targetHints":{"allow":["GET"]}}],"collection":[{"href":"https:\/\/www.delfiniahotels.gr\/de\/wp-json\/wp\/v2\/pages"}],"about":[{"href":"https:\/\/www.delfiniahotels.gr\/de\/wp-json\/wp\/v2\/types\/page"}],"author":[{"embeddable":true,"href":"https:\/\/www.delfiniahotels.gr\/de\/wp-json\/wp\/v2\/users\/1"}],"replies":[{"embeddable":true,"href":"https:\/\/www.delfiniahotels.gr\/de\/wp-json\/wp\/v2\/comments?post=22600"}],"version-history":[{"count":4,"href":"https:\/\/www.delfiniahotels.gr\/de\/wp-json\/wp\/v2\/pages\/22600\/revisions"}],"predecessor-version":[{"id":24118,"href":"https:\/\/www.delfiniahotels.gr\/de\/wp-json\/wp\/v2\/pages\/22600\/revisions\/24118"}],"wp:featuredmedia":[{"embeddable":true,"href":"https:\/\/www.delfiniahotels.gr\/de\/wp-json\/wp\/v2\/media\/22814"}],"wp:attachment":[{"href":"https:\/\/www.delfiniahotels.gr\/de\/wp-json\/wp\/v2\/media?parent=22600"}],"curies":[{"name":"wp","href":"https:\/\/api.w.org\/{rel}","templated":true}]}}