{"id":22582,"date":"2020-01-09T11:58:42","date_gmt":"2020-01-09T09:58:42","guid":{"rendered":"https:\/\/www.delfiniahotels.gr\/bring-your-group\/"},"modified":"2021-07-30T12:36:35","modified_gmt":"2021-07-30T09:36:35","slug":"bring-your-group","status":"publish","type":"page","link":"https:\/\/www.delfiniahotels.gr\/de\/bring-your-group\/","title":{"rendered":"Bringen Sie Ihre Gruppe mit"},"content":{"rendered":"<p>Wenn Sie sich Momente der Unterhaltung und des Vergn\u00fcgens w\u00fcnschen, finden Sie viele neue und innovative Dinge, die Sie w\u00e4hrend Ihres Aufenthalts in den Delfinia Hotels unternehmen k\u00f6nnen.  Unser st\u00e4ndig aktualisiertes Aktivit\u00e4tsprogramm f\u00fcr Erwachsene und Kinder wird Sie begeistern, wobei Sie immer etwas Neues lernen.  Das abendliche Unterhaltungsprogramm bietet jede Menge Musik und Tanz an der Uferpromenade.<\/p>\n","protected":false},"excerpt":{"rendered":"<p>Wenn Sie sich Momente der Unterhaltung und des Vergn\u00fcgens w\u00fcnschen, finden Sie viele neue und innovative Dinge, die Sie w\u00e4hrend Ihres Aufenthalts in den Delfinia Hotels unternehmen k\u00f6nnen. Unser st\u00e4ndig aktualisiertes Aktivit\u00e4tsprogramm f\u00fcr Erwachsene und Kinder wird Sie begeistern, wobei Sie immer etwas Neues lernen. Das abendliche Unterhaltungsprogramm bietet jede Menge Musik und Tanz an<\/p>\n","protected":false},"author":1,"featured_media":24112,"parent":0,"menu_order":0,"comment_status":"closed","ping_status":"closed","template":"","meta":{"_acf_changed":false,"footnotes":""},"class_list":["post-22582","page","type-page","status-publish","has-post-thumbnail","hentry"],"acf":[],"yoast_head":"<!-- This site is optimized with the Yoast SEO plugin v27.5 - https:\/\/yoast.com\/product\/yoast-seo-wordpress\/ -->\n<title>Bringen Sie Ihre Gruppe mit - Delfinia Hotels<\/title>\n<meta name=\"robots\" content=\"index, follow, max-snippet:-1, max-image-preview:large, max-video-preview:-1\" \/>\n<link rel=\"canonical\" href=\"https:\/\/www.delfiniahotels.gr\/de\/bring-your-group\/\" \/>\n<meta property=\"og:locale\" content=\"de_DE\" \/>\n<meta property=\"og:type\" content=\"article\" \/>\n<meta property=\"og:title\" content=\"Bringen Sie Ihre Gruppe mit - Delfinia Hotels\" \/>\n<meta property=\"og:description\" content=\"Wenn Sie sich Momente der Unterhaltung und des Vergn\u00fcgens w\u00fcnschen, finden Sie viele neue und innovative Dinge, die Sie w\u00e4hrend Ihres Aufenthalts in den Delfinia Hotels unternehmen k\u00f6nnen. Unser st\u00e4ndig aktualisiertes Aktivit\u00e4tsprogramm f\u00fcr Erwachsene und Kinder wird Sie begeistern, wobei Sie immer etwas Neues lernen. Das abendliche Unterhaltungsprogramm bietet jede Menge Musik und Tanz an\" \/>\n<meta property=\"og:url\" content=\"https:\/\/www.delfiniahotels.gr\/de\/bring-your-group\/\" \/>\n<meta property=\"og:site_name\" content=\"Delfinia Hotels\" \/>\n<meta property=\"article:modified_time\" content=\"2021-07-30T09:36:35+00:00\" \/>\n<meta property=\"og:image\" content=\"https:\/\/www.delfiniahotels.gr\/app\/uploads\/sites\/38\/2021\/07\/delfinia19-0277_resized-14.jpg\" \/>\n\t<meta property=\"og:image:width\" content=\"1920\" \/>\n\t<meta property=\"og:image:height\" content=\"1279\" \/>\n\t<meta property=\"og:image:type\" content=\"image\/jpeg\" \/>\n<meta name=\"twitter:card\" content=\"summary_large_image\" \/>\n<script type=\"application\/ld+json\" class=\"yoast-schema-graph\">{\"@context\":\"https:\\\/\\\/schema.org\",\"@graph\":[{\"@type\":\"WebPage\",\"@id\":\"https:\\\/\\\/www.delfiniahotels.gr\\\/de\\\/bring-your-group\\\/\",\"url\":\"https:\\\/\\\/www.delfiniahotels.gr\\\/de\\\/bring-your-group\\\/\",\"name\":\"Bringen Sie Ihre Gruppe mit - Delfinia Hotels\",\"isPartOf\":{\"@id\":\"https:\\\/\\\/www.delfiniahotels.gr\\\/de\\\/#website\"},\"primaryImageOfPage\":{\"@id\":\"https:\\\/\\\/www.delfiniahotels.gr\\\/de\\\/bring-your-group\\\/#primaryimage\"},\"image\":{\"@id\":\"https:\\\/\\\/www.delfiniahotels.gr\\\/de\\\/bring-your-group\\\/#primaryimage\"},\"thumbnailUrl\":\"https:\\\/\\\/www.delfiniahotels.gr\\\/app\\\/uploads\\\/sites\\\/38\\\/2021\\\/07\\\/delfinia19-0277_resized-14.jpg\",\"datePublished\":\"2020-01-09T09:58:42+00:00\",\"dateModified\":\"2021-07-30T09:36:35+00:00\",\"breadcrumb\":{\"@id\":\"https:\\\/\\\/www.delfiniahotels.gr\\\/de\\\/bring-your-group\\\/#breadcrumb\"},\"inLanguage\":\"de\",\"potentialAction\":[{\"@type\":\"ReadAction\",\"target\":[\"https:\\\/\\\/www.delfiniahotels.gr\\\/de\\\/bring-your-group\\\/\"]}]},{\"@type\":\"ImageObject\",\"inLanguage\":\"de\",\"@id\":\"https:\\\/\\\/www.delfiniahotels.gr\\\/de\\\/bring-your-group\\\/#primaryimage\",\"url\":\"https:\\\/\\\/www.delfiniahotels.gr\\\/app\\\/uploads\\\/sites\\\/38\\\/2021\\\/07\\\/delfinia19-0277_resized-14.jpg\",\"contentUrl\":\"https:\\\/\\\/www.delfiniahotels.gr\\\/app\\\/uploads\\\/sites\\\/38\\\/2021\\\/07\\\/delfinia19-0277_resized-14.jpg\",\"width\":1920,\"height\":1279},{\"@type\":\"BreadcrumbList\",\"@id\":\"https:\\\/\\\/www.delfiniahotels.gr\\\/de\\\/bring-your-group\\\/#breadcrumb\",\"itemListElement\":[{\"@type\":\"ListItem\",\"position\":1,\"name\":\"Home\",\"item\":\"https:\\\/\\\/www.delfiniahotels.gr\\\/de\\\/\"},{\"@type\":\"ListItem\",\"position\":2,\"name\":\"Bringen Sie Ihre Gruppe mit\"}]},{\"@type\":\"WebSite\",\"@id\":\"https:\\\/\\\/www.delfiniahotels.gr\\\/de\\\/#website\",\"url\":\"https:\\\/\\\/www.delfiniahotels.gr\\\/de\\\/\",\"name\":\"Delfinia Hotels\",\"description\":\"Delfinia Hotels\",\"potentialAction\":[{\"@type\":\"SearchAction\",\"target\":{\"@type\":\"EntryPoint\",\"urlTemplate\":\"https:\\\/\\\/www.delfiniahotels.gr\\\/de\\\/?s={search_term_string}\"},\"query-input\":{\"@type\":\"PropertyValueSpecification\",\"valueRequired\":true,\"valueName\":\"search_term_string\"}}],\"inLanguage\":\"de\"}]}<\/script>\n<!-- \/ Yoast SEO plugin. -->","yoast_head_json":{"title":"Bringen Sie Ihre Gruppe mit - Delfinia Hotels","robots":{"index":"index","follow":"follow","max-snippet":"max-snippet:-1","max-image-preview":"max-image-preview:large","max-video-preview":"max-video-preview:-1"},"canonical":"https:\/\/www.delfiniahotels.gr\/de\/bring-your-group\/","og_locale":"de_DE","og_type":"article","og_title":"Bringen Sie Ihre Gruppe mit - Delfinia Hotels","og_description":"Wenn Sie sich Momente der Unterhaltung und des Vergn\u00fcgens w\u00fcnschen, finden Sie viele neue und innovative Dinge, die Sie w\u00e4hrend Ihres Aufenthalts in den Delfinia Hotels unternehmen k\u00f6nnen. Unser st\u00e4ndig aktualisiertes Aktivit\u00e4tsprogramm f\u00fcr Erwachsene und Kinder wird Sie begeistern, wobei Sie immer etwas Neues lernen. Das abendliche Unterhaltungsprogramm bietet jede Menge Musik und Tanz an","og_url":"https:\/\/www.delfiniahotels.gr\/de\/bring-your-group\/","og_site_name":"Delfinia Hotels","article_modified_time":"2021-07-30T09:36:35+00:00","og_image":[{"width":1920,"height":1279,"url":"https:\/\/www.delfiniahotels.gr\/app\/uploads\/sites\/38\/2021\/07\/delfinia19-0277_resized-14.jpg","type":"image\/jpeg"}],"twitter_card":"summary_large_image","schema":{"@context":"https:\/\/schema.org","@graph":[{"@type":"WebPage","@id":"https:\/\/www.delfiniahotels.gr\/de\/bring-your-group\/","url":"https:\/\/www.delfiniahotels.gr\/de\/bring-your-group\/","name":"Bringen Sie Ihre Gruppe mit - Delfinia Hotels","isPartOf":{"@id":"https:\/\/www.delfiniahotels.gr\/de\/#website"},"primaryImageOfPage":{"@id":"https:\/\/www.delfiniahotels.gr\/de\/bring-your-group\/#primaryimage"},"image":{"@id":"https:\/\/www.delfiniahotels.gr\/de\/bring-your-group\/#primaryimage"},"thumbnailUrl":"https:\/\/www.delfiniahotels.gr\/app\/uploads\/sites\/38\/2021\/07\/delfinia19-0277_resized-14.jpg","datePublished":"2020-01-09T09:58:42+00:00","dateModified":"2021-07-30T09:36:35+00:00","breadcrumb":{"@id":"https:\/\/www.delfiniahotels.gr\/de\/bring-your-group\/#breadcrumb"},"inLanguage":"de","potentialAction":[{"@type":"ReadAction","target":["https:\/\/www.delfiniahotels.gr\/de\/bring-your-group\/"]}]},{"@type":"ImageObject","inLanguage":"de","@id":"https:\/\/www.delfiniahotels.gr\/de\/bring-your-group\/#primaryimage","url":"https:\/\/www.delfiniahotels.gr\/app\/uploads\/sites\/38\/2021\/07\/delfinia19-0277_resized-14.jpg","contentUrl":"https:\/\/www.delfiniahotels.gr\/app\/uploads\/sites\/38\/2021\/07\/delfinia19-0277_resized-14.jpg","width":1920,"height":1279},{"@type":"BreadcrumbList","@id":"https:\/\/www.delfiniahotels.gr\/de\/bring-your-group\/#breadcrumb","itemListElement":[{"@type":"ListItem","position":1,"name":"Home","item":"https:\/\/www.delfiniahotels.gr\/de\/"},{"@type":"ListItem","position":2,"name":"Bringen Sie Ihre Gruppe mit"}]},{"@type":"WebSite","@id":"https:\/\/www.delfiniahotels.gr\/de\/#website","url":"https:\/\/www.delfiniahotels.gr\/de\/","name":"Delfinia Hotels","description":"Delfinia Hotels","potentialAction":[{"@type":"SearchAction","target":{"@type":"EntryPoint","urlTemplate":"https:\/\/www.delfiniahotels.gr\/de\/?s={search_term_string}"},"query-input":{"@type":"PropertyValueSpecification","valueRequired":true,"valueName":"search_term_string"}}],"inLanguage":"de"}]}},"_links":{"self":[{"href":"https:\/\/www.delfiniahotels.gr\/de\/wp-json\/wp\/v2\/pages\/22582","targetHints":{"allow":["GET"]}}],"collection":[{"href":"https:\/\/www.delfiniahotels.gr\/de\/wp-json\/wp\/v2\/pages"}],"about":[{"href":"https:\/\/www.delfiniahotels.gr\/de\/wp-json\/wp\/v2\/types\/page"}],"author":[{"embeddable":true,"href":"https:\/\/www.delfiniahotels.gr\/de\/wp-json\/wp\/v2\/users\/1"}],"replies":[{"embeddable":true,"href":"https:\/\/www.delfiniahotels.gr\/de\/wp-json\/wp\/v2\/comments?post=22582"}],"version-history":[{"count":3,"href":"https:\/\/www.delfiniahotels.gr\/de\/wp-json\/wp\/v2\/pages\/22582\/revisions"}],"predecessor-version":[{"id":24110,"href":"https:\/\/www.delfiniahotels.gr\/de\/wp-json\/wp\/v2\/pages\/22582\/revisions\/24110"}],"wp:featuredmedia":[{"embeddable":true,"href":"https:\/\/www.delfiniahotels.gr\/de\/wp-json\/wp\/v2\/media\/24112"}],"wp:attachment":[{"href":"https:\/\/www.delfiniahotels.gr\/de\/wp-json\/wp\/v2\/media?parent=22582"}],"curies":[{"name":"wp","href":"https:\/\/api.w.org\/{rel}","templated":true}]}}