{"id":22573,"date":"2020-01-09T11:49:57","date_gmt":"2020-01-09T09:49:57","guid":{"rendered":"https:\/\/www.delfiniahotels.gr\/sea-pools\/"},"modified":"2021-07-30T12:36:30","modified_gmt":"2021-07-30T09:36:30","slug":"sea-pools","status":"publish","type":"page","link":"https:\/\/www.delfiniahotels.gr\/de\/sea-pools\/","title":{"rendered":"Sea &amp; Pools"},"content":{"rendered":"<h3>MORAITIKA BEACH IST DER IDEALE FAMILIEN-STRAND.<\/h3>\n<p> Es ist sauber und sicher und bietet einfachen Zugang zum kristallklaren Wasser des Ionischen Meeres. Das Wasser ist hier flach und gesch\u00fctzt vor Str\u00f6mung und Flut und damit ideal zum entspannten Baden.  Zahlreiche unserer G\u00e4ste kommen immer wieder zur\u00fcck, schon allein wegen des angenehmen Schwimmerlebnisses in diesem ruhigen, warmen Wasser.  Am Strand von Moraitika werden Tretboote in Delfinform und andere Wasseraktivit\u00e4ten angeboten. Scuba Diving, Wasserski und sogar Meerjungfrauen wurden entlang dieser K\u00fcstengew\u00e4sser schon gesichtet. Halten Sie auch Ausschau nach echten Delfinen!  Nutzen Sie unsere Liegest\u00fchle und privaten Sonnenschirme, um einen ganzen Tag am Wasser zu verbringen. Als Teil unserer Selbstverpflichtung zu umweltfreundlichen L\u00f6sungen haben die Delfinia Hotels zwei Swimmingpools die f\u00fcr ihre Instandhaltung und Reinigung Alternativen zu Chlor verwenden.  Ein 25 x 20 m gro\u00dfer Pool und ein rundes Kinderbecken mit einem Durchmesser von 4 m bieten endlose Stunden voller Spa\u00df und Vergn\u00fcgen als Alternative zum Meer.  Liegen und Sonnenschirme stehen im gesamten Strand-, Pool- und Delfinia-Gartenbereich zur Verf\u00fcgung. <\/p>\n<h3>JACUZZI<\/h3>\n<p> Genie\u00dfen Sie das Vergn\u00fcgen in unserem NEUEN Jacuzzi f\u00fcr f\u00fcnf bis sechs Personen.<\/p>\n","protected":false},"excerpt":{"rendered":"<p>MORAITIKA BEACH IST DER IDEALE FAMILIEN-STRAND. Es ist sauber und sicher und bietet einfachen Zugang zum kristallklaren Wasser des Ionischen Meeres. Das Wasser ist hier flach und gesch\u00fctzt vor Str\u00f6mung und Flut und damit ideal zum entspannten Baden. Zahlreiche unserer G\u00e4ste kommen immer wieder zur\u00fcck, schon allein wegen des angenehmen Schwimmerlebnisses in diesem ruhigen, warmen<\/p>\n","protected":false},"author":1,"featured_media":22809,"parent":0,"menu_order":0,"comment_status":"closed","ping_status":"closed","template":"","meta":{"_acf_changed":false,"footnotes":""},"class_list":["post-22573","page","type-page","status-publish","has-post-thumbnail","hentry"],"acf":[],"yoast_head":"<!-- This site is optimized with the Yoast SEO plugin v27.5 - https:\/\/yoast.com\/product\/yoast-seo-wordpress\/ -->\n<title>Sea &amp; Pools - Delfinia Hotels<\/title>\n<meta name=\"robots\" content=\"index, follow, max-snippet:-1, max-image-preview:large, max-video-preview:-1\" \/>\n<link rel=\"canonical\" href=\"https:\/\/www.delfiniahotels.gr\/de\/sea-pools\/\" \/>\n<meta property=\"og:locale\" content=\"de_DE\" \/>\n<meta property=\"og:type\" content=\"article\" \/>\n<meta property=\"og:title\" content=\"Sea &amp; Pools - Delfinia Hotels\" \/>\n<meta property=\"og:description\" content=\"MORAITIKA BEACH IST DER IDEALE FAMILIEN-STRAND. Es ist sauber und sicher und bietet einfachen Zugang zum kristallklaren Wasser des Ionischen Meeres. Das Wasser ist hier flach und gesch\u00fctzt vor Str\u00f6mung und Flut und damit ideal zum entspannten Baden. Zahlreiche unserer G\u00e4ste kommen immer wieder zur\u00fcck, schon allein wegen des angenehmen Schwimmerlebnisses in diesem ruhigen, warmen\" \/>\n<meta property=\"og:url\" content=\"https:\/\/www.delfiniahotels.gr\/de\/sea-pools\/\" \/>\n<meta property=\"og:site_name\" content=\"Delfinia Hotels\" \/>\n<meta property=\"article:modified_time\" content=\"2021-07-30T09:36:30+00:00\" \/>\n<meta property=\"og:image\" content=\"https:\/\/www.delfiniahotels.gr\/app\/uploads\/sites\/38\/2019\/12\/delfinia19-0523_resized.jpg\" \/>\n\t<meta property=\"og:image:width\" content=\"1920\" \/>\n\t<meta property=\"og:image:height\" content=\"1439\" \/>\n\t<meta property=\"og:image:type\" content=\"image\/jpeg\" \/>\n<meta name=\"twitter:card\" content=\"summary_large_image\" \/>\n<meta name=\"twitter:label1\" content=\"Gesch\u00e4tzte Lesezeit\" \/>\n\t<meta name=\"twitter:data1\" content=\"1\u00a0Minute\" \/>\n<script type=\"application\/ld+json\" class=\"yoast-schema-graph\">{\"@context\":\"https:\\\/\\\/schema.org\",\"@graph\":[{\"@type\":\"WebPage\",\"@id\":\"https:\\\/\\\/www.delfiniahotels.gr\\\/de\\\/sea-pools\\\/\",\"url\":\"https:\\\/\\\/www.delfiniahotels.gr\\\/de\\\/sea-pools\\\/\",\"name\":\"Sea &amp; Pools - Delfinia Hotels\",\"isPartOf\":{\"@id\":\"https:\\\/\\\/www.delfiniahotels.gr\\\/de\\\/#website\"},\"primaryImageOfPage\":{\"@id\":\"https:\\\/\\\/www.delfiniahotels.gr\\\/de\\\/sea-pools\\\/#primaryimage\"},\"image\":{\"@id\":\"https:\\\/\\\/www.delfiniahotels.gr\\\/de\\\/sea-pools\\\/#primaryimage\"},\"thumbnailUrl\":\"https:\\\/\\\/www.delfiniahotels.gr\\\/app\\\/uploads\\\/sites\\\/38\\\/2019\\\/12\\\/delfinia19-0523_resized.jpg\",\"datePublished\":\"2020-01-09T09:49:57+00:00\",\"dateModified\":\"2021-07-30T09:36:30+00:00\",\"breadcrumb\":{\"@id\":\"https:\\\/\\\/www.delfiniahotels.gr\\\/de\\\/sea-pools\\\/#breadcrumb\"},\"inLanguage\":\"de\",\"potentialAction\":[{\"@type\":\"ReadAction\",\"target\":[\"https:\\\/\\\/www.delfiniahotels.gr\\\/de\\\/sea-pools\\\/\"]}]},{\"@type\":\"ImageObject\",\"inLanguage\":\"de\",\"@id\":\"https:\\\/\\\/www.delfiniahotels.gr\\\/de\\\/sea-pools\\\/#primaryimage\",\"url\":\"https:\\\/\\\/www.delfiniahotels.gr\\\/app\\\/uploads\\\/sites\\\/38\\\/2019\\\/12\\\/delfinia19-0523_resized.jpg\",\"contentUrl\":\"https:\\\/\\\/www.delfiniahotels.gr\\\/app\\\/uploads\\\/sites\\\/38\\\/2019\\\/12\\\/delfinia19-0523_resized.jpg\",\"width\":1920,\"height\":1439},{\"@type\":\"BreadcrumbList\",\"@id\":\"https:\\\/\\\/www.delfiniahotels.gr\\\/de\\\/sea-pools\\\/#breadcrumb\",\"itemListElement\":[{\"@type\":\"ListItem\",\"position\":1,\"name\":\"Home\",\"item\":\"https:\\\/\\\/www.delfiniahotels.gr\\\/de\\\/\"},{\"@type\":\"ListItem\",\"position\":2,\"name\":\"Sea &amp; Pools\"}]},{\"@type\":\"WebSite\",\"@id\":\"https:\\\/\\\/www.delfiniahotels.gr\\\/de\\\/#website\",\"url\":\"https:\\\/\\\/www.delfiniahotels.gr\\\/de\\\/\",\"name\":\"Delfinia Hotels\",\"description\":\"Delfinia Hotels\",\"potentialAction\":[{\"@type\":\"SearchAction\",\"target\":{\"@type\":\"EntryPoint\",\"urlTemplate\":\"https:\\\/\\\/www.delfiniahotels.gr\\\/de\\\/?s={search_term_string}\"},\"query-input\":{\"@type\":\"PropertyValueSpecification\",\"valueRequired\":true,\"valueName\":\"search_term_string\"}}],\"inLanguage\":\"de\"}]}<\/script>\n<!-- \/ Yoast SEO plugin. -->","yoast_head_json":{"title":"Sea &amp; Pools - Delfinia Hotels","robots":{"index":"index","follow":"follow","max-snippet":"max-snippet:-1","max-image-preview":"max-image-preview:large","max-video-preview":"max-video-preview:-1"},"canonical":"https:\/\/www.delfiniahotels.gr\/de\/sea-pools\/","og_locale":"de_DE","og_type":"article","og_title":"Sea &amp; Pools - Delfinia Hotels","og_description":"MORAITIKA BEACH IST DER IDEALE FAMILIEN-STRAND. Es ist sauber und sicher und bietet einfachen Zugang zum kristallklaren Wasser des Ionischen Meeres. Das Wasser ist hier flach und gesch\u00fctzt vor Str\u00f6mung und Flut und damit ideal zum entspannten Baden. Zahlreiche unserer G\u00e4ste kommen immer wieder zur\u00fcck, schon allein wegen des angenehmen Schwimmerlebnisses in diesem ruhigen, warmen","og_url":"https:\/\/www.delfiniahotels.gr\/de\/sea-pools\/","og_site_name":"Delfinia Hotels","article_modified_time":"2021-07-30T09:36:30+00:00","og_image":[{"width":1920,"height":1439,"url":"https:\/\/www.delfiniahotels.gr\/app\/uploads\/sites\/38\/2019\/12\/delfinia19-0523_resized.jpg","type":"image\/jpeg"}],"twitter_card":"summary_large_image","twitter_misc":{"Gesch\u00e4tzte Lesezeit":"1\u00a0Minute"},"schema":{"@context":"https:\/\/schema.org","@graph":[{"@type":"WebPage","@id":"https:\/\/www.delfiniahotels.gr\/de\/sea-pools\/","url":"https:\/\/www.delfiniahotels.gr\/de\/sea-pools\/","name":"Sea &amp; Pools - Delfinia Hotels","isPartOf":{"@id":"https:\/\/www.delfiniahotels.gr\/de\/#website"},"primaryImageOfPage":{"@id":"https:\/\/www.delfiniahotels.gr\/de\/sea-pools\/#primaryimage"},"image":{"@id":"https:\/\/www.delfiniahotels.gr\/de\/sea-pools\/#primaryimage"},"thumbnailUrl":"https:\/\/www.delfiniahotels.gr\/app\/uploads\/sites\/38\/2019\/12\/delfinia19-0523_resized.jpg","datePublished":"2020-01-09T09:49:57+00:00","dateModified":"2021-07-30T09:36:30+00:00","breadcrumb":{"@id":"https:\/\/www.delfiniahotels.gr\/de\/sea-pools\/#breadcrumb"},"inLanguage":"de","potentialAction":[{"@type":"ReadAction","target":["https:\/\/www.delfiniahotels.gr\/de\/sea-pools\/"]}]},{"@type":"ImageObject","inLanguage":"de","@id":"https:\/\/www.delfiniahotels.gr\/de\/sea-pools\/#primaryimage","url":"https:\/\/www.delfiniahotels.gr\/app\/uploads\/sites\/38\/2019\/12\/delfinia19-0523_resized.jpg","contentUrl":"https:\/\/www.delfiniahotels.gr\/app\/uploads\/sites\/38\/2019\/12\/delfinia19-0523_resized.jpg","width":1920,"height":1439},{"@type":"BreadcrumbList","@id":"https:\/\/www.delfiniahotels.gr\/de\/sea-pools\/#breadcrumb","itemListElement":[{"@type":"ListItem","position":1,"name":"Home","item":"https:\/\/www.delfiniahotels.gr\/de\/"},{"@type":"ListItem","position":2,"name":"Sea &amp; Pools"}]},{"@type":"WebSite","@id":"https:\/\/www.delfiniahotels.gr\/de\/#website","url":"https:\/\/www.delfiniahotels.gr\/de\/","name":"Delfinia Hotels","description":"Delfinia Hotels","potentialAction":[{"@type":"SearchAction","target":{"@type":"EntryPoint","urlTemplate":"https:\/\/www.delfiniahotels.gr\/de\/?s={search_term_string}"},"query-input":{"@type":"PropertyValueSpecification","valueRequired":true,"valueName":"search_term_string"}}],"inLanguage":"de"}]}},"_links":{"self":[{"href":"https:\/\/www.delfiniahotels.gr\/de\/wp-json\/wp\/v2\/pages\/22573","targetHints":{"allow":["GET"]}}],"collection":[{"href":"https:\/\/www.delfiniahotels.gr\/de\/wp-json\/wp\/v2\/pages"}],"about":[{"href":"https:\/\/www.delfiniahotels.gr\/de\/wp-json\/wp\/v2\/types\/page"}],"author":[{"embeddable":true,"href":"https:\/\/www.delfiniahotels.gr\/de\/wp-json\/wp\/v2\/users\/1"}],"replies":[{"embeddable":true,"href":"https:\/\/www.delfiniahotels.gr\/de\/wp-json\/wp\/v2\/comments?post=22573"}],"version-history":[{"count":4,"href":"https:\/\/www.delfiniahotels.gr\/de\/wp-json\/wp\/v2\/pages\/22573\/revisions"}],"predecessor-version":[{"id":24108,"href":"https:\/\/www.delfiniahotels.gr\/de\/wp-json\/wp\/v2\/pages\/22573\/revisions\/24108"}],"wp:featuredmedia":[{"embeddable":true,"href":"https:\/\/www.delfiniahotels.gr\/de\/wp-json\/wp\/v2\/media\/22809"}],"wp:attachment":[{"href":"https:\/\/www.delfiniahotels.gr\/de\/wp-json\/wp\/v2\/media?parent=22573"}],"curies":[{"name":"wp","href":"https:\/\/api.w.org\/{rel}","templated":true}]}}