{"id":22499,"date":"2018-08-27T14:57:04","date_gmt":"2018-08-27T11:57:04","guid":{"rendered":"https:\/\/www.delfiniahotels.gr\/gastronomy\/"},"modified":"2021-07-30T12:36:08","modified_gmt":"2021-07-30T09:36:08","slug":"gastronomy","status":"publish","type":"page","link":"https:\/\/www.delfiniahotels.gr\/de\/gastronomy\/","title":{"rendered":"Essen und Trinken"},"content":{"rendered":"<h2>F\u00fcr das gastronomische Genusserlebnis haben wir das Vergn\u00fcgen, Ihnen die folgenden Optionen anzubieten.<\/h2>\n<h2>FEAKES RESTAURANT<\/h2>\n<p> Der beste Anfang und das beste Ende f\u00fcr Ihren Tag  Die beste Art, Ihren Tag auf der Insel der Pheaceans zu beginnen. Genie\u00dfen Sie Ihr reichhaltiges Fr\u00fchst\u00fccksbuffet mit t\u00e4glich frischen Produkten w\u00e4hrend Sie den Blick auf den Swimmingpool und das Licht der aufgehenden Sonne genie\u00dfen.  Lassen Sie den Tag bei einem Essen im Restaurant Feakes ausklingen. Unser Buffet bietet eine F\u00fclle von Optionen, um alle Geschmacksrichtungen zu befriedigen. Wir organisieren Themenabende mit griechischer, italienischer und korfiotischer K\u00fcche, die mit Live-Musik begleitet werden. Genie\u00dfen Sie unser Meeresfr\u00fcchtefest und die Gelegenheit, einen unserer passenden Weine zu verkosten.  Ein schneller und diskreter Service durch unser erfahrenes Personal geh\u00f6rt ebenfalls zu den wichtigsten Zutaten f\u00fcr ein gelungenes kulinarisches Erlebnis.  Wir erf\u00fcllen alle di\u00e4tetischen Anforderungen, daher bitten wir Sie, uns im Voraus \u00fcber Lebensmittelallergien oder -unvertr\u00e4glichkeiten in Kenntnis zu setzen.  \u00d6ffnungszeiten: Fr\u00fchst\u00fcck 07:00 &#8211; 10:15 Abendessen 19:00 &#8211; 21:30 <\/p>\n<h2>NAFSIKA TAVERNA<\/h2>\n<p> LECKERES ESSEN MIT AUSSICHT  Ein perfekter Ort, um zu Mittag zu essen und dabei aus einer gro\u00dfen Auswahl an regionalen Spezialit\u00e4ten \u201ea la carte\u201c oder unserem beliebten Tagesgericht zu w\u00e4hlen.  Als Alternative k\u00f6nnten Sie eine Souvlaki-Pita zum Mitnehmen unter Ihrem Sonnenschirm am Strand genie\u00dfen.  Zum &#8222;Katalog&#8220;, in der Strandtaverne des Hotels geh\u00f6ren auch ein zauberhafter Meerblick, nat\u00fcrlicher Schatten, sanfte griechische Musik und nat\u00fcrlich aufmerksamer Service.  \u00d6ffnungszeiten 12:00 &#8211; 18:00 <\/p>\n<h2>KIRKI BEACH BAR<\/h2>\n<p> VERW\u00d6HNEN SIE SICH MIT MAGIE  Beginnen Sie mit einem Morgensaft, einer Auswahl an Kaffeesorten, vielleicht einem Smoothie und Softdrinks an der Kirki Beach Bar.  Sommern\u00e4chte sind voller \u00dcberraschungen, also f\u00fcllen Sie Ihr Glas mit diversen Spezialit\u00e4ten-Cocktails und lokalen Bieren und erfreuen Sie sich an der Show. Erstklassige Live-Musik t\u00e4glich bis Mitternacht und griechische T\u00e4nzer und T\u00e4nzerinnen einmal pro Woche garantieren magische Momente.  \u00d6ffnungszeiten 10:00 &#8211; 24:00<\/p>\n","protected":false},"excerpt":{"rendered":"<p>F\u00fcr das gastronomische Genusserlebnis haben wir das Vergn\u00fcgen, Ihnen die folgenden Optionen anzubieten. FEAKES RESTAURANT Der beste Anfang und das beste Ende f\u00fcr Ihren Tag Die beste Art, Ihren Tag auf der Insel der Pheaceans zu beginnen. Genie\u00dfen Sie Ihr reichhaltiges Fr\u00fchst\u00fccksbuffet mit t\u00e4glich frischen Produkten w\u00e4hrend Sie den Blick auf den Swimmingpool und das<\/p>\n","protected":false},"author":1,"featured_media":22818,"parent":0,"menu_order":0,"comment_status":"closed","ping_status":"closed","template":"","meta":{"_acf_changed":false,"footnotes":""},"class_list":["post-22499","page","type-page","status-publish","has-post-thumbnail","hentry"],"acf":[],"yoast_head":"<!-- This site is optimized with the Yoast SEO plugin v27.5 - https:\/\/yoast.com\/product\/yoast-seo-wordpress\/ -->\n<title>Essen und Trinken - Delfinia Hotels<\/title>\n<meta name=\"robots\" content=\"index, follow, max-snippet:-1, max-image-preview:large, max-video-preview:-1\" \/>\n<link rel=\"canonical\" href=\"https:\/\/www.delfiniahotels.gr\/de\/gastronomy\/\" \/>\n<meta property=\"og:locale\" content=\"de_DE\" \/>\n<meta property=\"og:type\" content=\"article\" \/>\n<meta property=\"og:title\" content=\"Essen und Trinken - Delfinia Hotels\" \/>\n<meta property=\"og:description\" content=\"F\u00fcr das gastronomische Genusserlebnis haben wir das Vergn\u00fcgen, Ihnen die folgenden Optionen anzubieten. FEAKES RESTAURANT Der beste Anfang und das beste Ende f\u00fcr Ihren Tag Die beste Art, Ihren Tag auf der Insel der Pheaceans zu beginnen. Genie\u00dfen Sie Ihr reichhaltiges Fr\u00fchst\u00fccksbuffet mit t\u00e4glich frischen Produkten w\u00e4hrend Sie den Blick auf den Swimmingpool und das\" \/>\n<meta property=\"og:url\" content=\"https:\/\/www.delfiniahotels.gr\/de\/gastronomy\/\" \/>\n<meta property=\"og:site_name\" content=\"Delfinia Hotels\" \/>\n<meta property=\"article:modified_time\" content=\"2021-07-30T09:36:08+00:00\" \/>\n<meta name=\"twitter:card\" content=\"summary_large_image\" \/>\n<meta name=\"twitter:label1\" content=\"Gesch\u00e4tzte Lesezeit\" \/>\n\t<meta name=\"twitter:data1\" content=\"2\u00a0Minuten\" \/>\n<script type=\"application\/ld+json\" class=\"yoast-schema-graph\">{\"@context\":\"https:\\\/\\\/schema.org\",\"@graph\":[{\"@type\":\"WebPage\",\"@id\":\"https:\\\/\\\/www.delfiniahotels.gr\\\/de\\\/gastronomy\\\/\",\"url\":\"https:\\\/\\\/www.delfiniahotels.gr\\\/de\\\/gastronomy\\\/\",\"name\":\"Essen und Trinken - Delfinia Hotels\",\"isPartOf\":{\"@id\":\"https:\\\/\\\/www.delfiniahotels.gr\\\/de\\\/#website\"},\"primaryImageOfPage\":{\"@id\":\"https:\\\/\\\/www.delfiniahotels.gr\\\/de\\\/gastronomy\\\/#primaryimage\"},\"image\":{\"@id\":\"https:\\\/\\\/www.delfiniahotels.gr\\\/de\\\/gastronomy\\\/#primaryimage\"},\"thumbnailUrl\":\"https:\\\/\\\/www.delfiniahotels.gr\\\/app\\\/uploads\\\/sites\\\/38\\\/2020\\\/01\\\/delfinia19-0822_resized.jpg\",\"datePublished\":\"2018-08-27T11:57:04+00:00\",\"dateModified\":\"2021-07-30T09:36:08+00:00\",\"breadcrumb\":{\"@id\":\"https:\\\/\\\/www.delfiniahotels.gr\\\/de\\\/gastronomy\\\/#breadcrumb\"},\"inLanguage\":\"de\",\"potentialAction\":[{\"@type\":\"ReadAction\",\"target\":[\"https:\\\/\\\/www.delfiniahotels.gr\\\/de\\\/gastronomy\\\/\"]}]},{\"@type\":\"ImageObject\",\"inLanguage\":\"de\",\"@id\":\"https:\\\/\\\/www.delfiniahotels.gr\\\/de\\\/gastronomy\\\/#primaryimage\",\"url\":\"https:\\\/\\\/www.delfiniahotels.gr\\\/app\\\/uploads\\\/sites\\\/38\\\/2020\\\/01\\\/delfinia19-0822_resized.jpg\",\"contentUrl\":\"https:\\\/\\\/www.delfiniahotels.gr\\\/app\\\/uploads\\\/sites\\\/38\\\/2020\\\/01\\\/delfinia19-0822_resized.jpg\",\"width\":1920,\"height\":1280},{\"@type\":\"BreadcrumbList\",\"@id\":\"https:\\\/\\\/www.delfiniahotels.gr\\\/de\\\/gastronomy\\\/#breadcrumb\",\"itemListElement\":[{\"@type\":\"ListItem\",\"position\":1,\"name\":\"Home\",\"item\":\"https:\\\/\\\/www.delfiniahotels.gr\\\/de\\\/\"},{\"@type\":\"ListItem\",\"position\":2,\"name\":\"Essen und Trinken\"}]},{\"@type\":\"WebSite\",\"@id\":\"https:\\\/\\\/www.delfiniahotels.gr\\\/de\\\/#website\",\"url\":\"https:\\\/\\\/www.delfiniahotels.gr\\\/de\\\/\",\"name\":\"Delfinia Hotels\",\"description\":\"Delfinia Hotels\",\"potentialAction\":[{\"@type\":\"SearchAction\",\"target\":{\"@type\":\"EntryPoint\",\"urlTemplate\":\"https:\\\/\\\/www.delfiniahotels.gr\\\/de\\\/?s={search_term_string}\"},\"query-input\":{\"@type\":\"PropertyValueSpecification\",\"valueRequired\":true,\"valueName\":\"search_term_string\"}}],\"inLanguage\":\"de\"}]}<\/script>\n<!-- \/ Yoast SEO plugin. -->","yoast_head_json":{"title":"Essen und Trinken - Delfinia Hotels","robots":{"index":"index","follow":"follow","max-snippet":"max-snippet:-1","max-image-preview":"max-image-preview:large","max-video-preview":"max-video-preview:-1"},"canonical":"https:\/\/www.delfiniahotels.gr\/de\/gastronomy\/","og_locale":"de_DE","og_type":"article","og_title":"Essen und Trinken - Delfinia Hotels","og_description":"F\u00fcr das gastronomische Genusserlebnis haben wir das Vergn\u00fcgen, Ihnen die folgenden Optionen anzubieten. FEAKES RESTAURANT Der beste Anfang und das beste Ende f\u00fcr Ihren Tag Die beste Art, Ihren Tag auf der Insel der Pheaceans zu beginnen. Genie\u00dfen Sie Ihr reichhaltiges Fr\u00fchst\u00fccksbuffet mit t\u00e4glich frischen Produkten w\u00e4hrend Sie den Blick auf den Swimmingpool und das","og_url":"https:\/\/www.delfiniahotels.gr\/de\/gastronomy\/","og_site_name":"Delfinia Hotels","article_modified_time":"2021-07-30T09:36:08+00:00","twitter_card":"summary_large_image","twitter_misc":{"Gesch\u00e4tzte Lesezeit":"2\u00a0Minuten"},"schema":{"@context":"https:\/\/schema.org","@graph":[{"@type":"WebPage","@id":"https:\/\/www.delfiniahotels.gr\/de\/gastronomy\/","url":"https:\/\/www.delfiniahotels.gr\/de\/gastronomy\/","name":"Essen und Trinken - Delfinia Hotels","isPartOf":{"@id":"https:\/\/www.delfiniahotels.gr\/de\/#website"},"primaryImageOfPage":{"@id":"https:\/\/www.delfiniahotels.gr\/de\/gastronomy\/#primaryimage"},"image":{"@id":"https:\/\/www.delfiniahotels.gr\/de\/gastronomy\/#primaryimage"},"thumbnailUrl":"https:\/\/www.delfiniahotels.gr\/app\/uploads\/sites\/38\/2020\/01\/delfinia19-0822_resized.jpg","datePublished":"2018-08-27T11:57:04+00:00","dateModified":"2021-07-30T09:36:08+00:00","breadcrumb":{"@id":"https:\/\/www.delfiniahotels.gr\/de\/gastronomy\/#breadcrumb"},"inLanguage":"de","potentialAction":[{"@type":"ReadAction","target":["https:\/\/www.delfiniahotels.gr\/de\/gastronomy\/"]}]},{"@type":"ImageObject","inLanguage":"de","@id":"https:\/\/www.delfiniahotels.gr\/de\/gastronomy\/#primaryimage","url":"https:\/\/www.delfiniahotels.gr\/app\/uploads\/sites\/38\/2020\/01\/delfinia19-0822_resized.jpg","contentUrl":"https:\/\/www.delfiniahotels.gr\/app\/uploads\/sites\/38\/2020\/01\/delfinia19-0822_resized.jpg","width":1920,"height":1280},{"@type":"BreadcrumbList","@id":"https:\/\/www.delfiniahotels.gr\/de\/gastronomy\/#breadcrumb","itemListElement":[{"@type":"ListItem","position":1,"name":"Home","item":"https:\/\/www.delfiniahotels.gr\/de\/"},{"@type":"ListItem","position":2,"name":"Essen und Trinken"}]},{"@type":"WebSite","@id":"https:\/\/www.delfiniahotels.gr\/de\/#website","url":"https:\/\/www.delfiniahotels.gr\/de\/","name":"Delfinia Hotels","description":"Delfinia Hotels","potentialAction":[{"@type":"SearchAction","target":{"@type":"EntryPoint","urlTemplate":"https:\/\/www.delfiniahotels.gr\/de\/?s={search_term_string}"},"query-input":{"@type":"PropertyValueSpecification","valueRequired":true,"valueName":"search_term_string"}}],"inLanguage":"de"}]}},"_links":{"self":[{"href":"https:\/\/www.delfiniahotels.gr\/de\/wp-json\/wp\/v2\/pages\/22499","targetHints":{"allow":["GET"]}}],"collection":[{"href":"https:\/\/www.delfiniahotels.gr\/de\/wp-json\/wp\/v2\/pages"}],"about":[{"href":"https:\/\/www.delfiniahotels.gr\/de\/wp-json\/wp\/v2\/types\/page"}],"author":[{"embeddable":true,"href":"https:\/\/www.delfiniahotels.gr\/de\/wp-json\/wp\/v2\/users\/1"}],"replies":[{"embeddable":true,"href":"https:\/\/www.delfiniahotels.gr\/de\/wp-json\/wp\/v2\/comments?post=22499"}],"version-history":[{"count":3,"href":"https:\/\/www.delfiniahotels.gr\/de\/wp-json\/wp\/v2\/pages\/22499\/revisions"}],"predecessor-version":[{"id":24068,"href":"https:\/\/www.delfiniahotels.gr\/de\/wp-json\/wp\/v2\/pages\/22499\/revisions\/24068"}],"wp:featuredmedia":[{"embeddable":true,"href":"https:\/\/www.delfiniahotels.gr\/de\/wp-json\/wp\/v2\/media\/22818"}],"wp:attachment":[{"href":"https:\/\/www.delfiniahotels.gr\/de\/wp-json\/wp\/v2\/media?parent=22499"}],"curies":[{"name":"wp","href":"https:\/\/api.w.org\/{rel}","templated":true}]}}