{"id":22482,"date":"2019-05-13T14:26:19","date_gmt":"2019-05-13T11:26:19","guid":{"rendered":"https:\/\/www.delfiniahotels.gr\/the-hotel\/"},"modified":"2021-08-02T16:40:00","modified_gmt":"2021-08-02T13:40:00","slug":"the-hotel","status":"publish","type":"page","link":"https:\/\/www.delfiniahotels.gr\/de\/the-hotel\/","title":{"rendered":"Das Hotel"},"content":{"rendered":"<p>Das Delfinia Hotel ist eine nat\u00fcrliche Oase im S\u00fcden von Korfu, kurz bevor Sie das Dorf Moraitika erreichen. Das k\u00fcrzlich renovierte Delfinia Hotel ist von gr\u00fcnen G\u00e4rten mit B\u00e4umen aller Art, Blumen, Kr\u00e4utern und einheimischen Pflanzen umgeben, die Sie bis zum Strand und dem Ionischen Meer begleiten.<\/p>\n<p>Es ist der ideale Ort, an den Sie fl\u00fcchten k\u00f6nnen, wenn Sie sich entspannen und neue Energie tanken m\u00f6chten. Hervorragende, herzerw\u00e4rmende korfiotische Gastfreundschaft ist das, wof\u00fcr es seit \u00fcber f\u00fcnfzig Jahren immer wieder belohnt wird. Die drei Hauptgeb\u00e4ude des Hotels mit insgesamt 184 Zimmern f\u00fcgen sich perfekt in die Umgebung ein und umarmen die vierzig Hektar gro\u00dfen Delfinia-G\u00e4rten. Jedes Zimmer ist sch\u00f6n eingerichtet, mit eleganter Dekoration und reichlich nat\u00fcrlichem Licht. Kombiniert mit zeitgem\u00e4\u00dfen Einrichtungen wird Ihr Aufenthalt zu einem unvergesslichen Erlebnis.<\/p>\n<p>Das Restaurant Feakes bietet Ihnen die M\u00f6glichkeit, traditionelle griechische und korfiotische K\u00fcche mit einem t\u00e4glich erneuerten Men\u00fc zu probieren, das in Buffetform serviert wird. In der Taverne Nafsika k\u00f6nnen Sie Spezialit\u00e4ten vom Grill und hausgemachte Auflaufrezepte am Strand genie\u00dfen. Die Strandbar Kirki ist von fr\u00fchmorgens mit Kaffee und S\u00e4ften bis sp\u00e4tabends mit Cocktails und Drinks ge\u00f6ffnet, und bietet ein abwechslungsreiches Musikprogramm. Vielleicht ein Sprung in den Pool oder ein entspannendes Bad im warmen Jacuzzi? Spa\u00df und Eiscreme am Strand?<\/p>\n<p>Eine entspannte Lekt\u00fcre und ein erfrischendes Getr\u00e4nk auf den Lounges und unter den Sonnenschirmen des Hotels? Unsere Vorschl\u00e4ge sind vielf\u00e4ltig, die Wahl liegt bei Ihnen. Aufmerksames und freundliches Personal, eine Vielzahl von Einrichtungen und sorgf\u00e4ltige Betreuung bei allen angebotenen Dienstleistungen sorgen daf\u00fcr, dass Sie jedes Mal den bestm\u00f6glichen Aufenthalt haben.<\/p>\n<p>Dass Delphine, nach denen das Hotel benannt ist, weil fr\u00fcher viele in dieser Bucht schwammen, nicht nur \u00e4u\u00dferst soziale und sensible Lebewesen sind, sondern auch wissen, wie man sich am\u00fcsiert, ist allgemein bekannt. Und so wissen auch wir, wie wir daf\u00fcr sorgen k\u00f6nnen, dass Sie eine sch\u00f6ne Zeit haben.<\/p>\n","protected":false},"excerpt":{"rendered":"<p>Das Delfinia Hotel ist eine nat\u00fcrliche Oase im S\u00fcden von Korfu, kurz bevor Sie das Dorf Moraitika erreichen. Das k\u00fcrzlich renovierte Delfinia Hotel ist von gr\u00fcnen G\u00e4rten mit B\u00e4umen aller Art, Blumen, Kr\u00e4utern und einheimischen Pflanzen umgeben, die Sie bis zum Strand und dem Ionischen Meer begleiten. Es ist der ideale Ort, an den Sie<\/p>\n","protected":false},"author":1,"featured_media":22812,"parent":0,"menu_order":0,"comment_status":"closed","ping_status":"closed","template":"","meta":{"_acf_changed":false,"footnotes":""},"class_list":["post-22482","page","type-page","status-publish","has-post-thumbnail","hentry"],"acf":[],"yoast_head":"<!-- This site is optimized with the Yoast SEO plugin v27.5 - https:\/\/yoast.com\/product\/yoast-seo-wordpress\/ -->\n<title>Delfinia Hotels<\/title>\n<meta name=\"robots\" content=\"index, follow, max-snippet:-1, max-image-preview:large, max-video-preview:-1\" \/>\n<link rel=\"canonical\" href=\"https:\/\/www.delfiniahotels.gr\/de\/the-hotel\/\" \/>\n<meta property=\"og:locale\" content=\"de_DE\" \/>\n<meta property=\"og:type\" content=\"article\" \/>\n<meta property=\"og:title\" content=\"Delfinia Hotels\" \/>\n<meta property=\"og:description\" content=\"Das Delfinia Hotel ist eine nat\u00fcrliche Oase im S\u00fcden von Korfu, kurz bevor Sie das Dorf Moraitika erreichen. Das k\u00fcrzlich renovierte Delfinia Hotel ist von gr\u00fcnen G\u00e4rten mit B\u00e4umen aller Art, Blumen, Kr\u00e4utern und einheimischen Pflanzen umgeben, die Sie bis zum Strand und dem Ionischen Meer begleiten. Es ist der ideale Ort, an den Sie\" \/>\n<meta property=\"og:url\" content=\"https:\/\/www.delfiniahotels.gr\/de\/the-hotel\/\" \/>\n<meta property=\"og:site_name\" content=\"Delfinia Hotels\" \/>\n<meta property=\"article:modified_time\" content=\"2021-08-02T13:40:00+00:00\" \/>\n<meta property=\"og:image\" content=\"https:\/\/www.delfiniahotels.gr\/app\/uploads\/sites\/38\/2019\/12\/delfinia19-0493_resized.jpg\" \/>\n\t<meta property=\"og:image:width\" content=\"1920\" \/>\n\t<meta property=\"og:image:height\" content=\"1279\" \/>\n\t<meta property=\"og:image:type\" content=\"image\/jpeg\" \/>\n<meta name=\"twitter:card\" content=\"summary_large_image\" \/>\n<meta name=\"twitter:label1\" content=\"Gesch\u00e4tzte Lesezeit\" \/>\n\t<meta name=\"twitter:data1\" content=\"2\u00a0Minuten\" \/>\n<script type=\"application\/ld+json\" class=\"yoast-schema-graph\">{\"@context\":\"https:\\\/\\\/schema.org\",\"@graph\":[{\"@type\":\"WebPage\",\"@id\":\"https:\\\/\\\/www.delfiniahotels.gr\\\/de\\\/the-hotel\\\/\",\"url\":\"https:\\\/\\\/www.delfiniahotels.gr\\\/de\\\/the-hotel\\\/\",\"name\":\"Delfinia Hotels\",\"isPartOf\":{\"@id\":\"https:\\\/\\\/www.delfiniahotels.gr\\\/de\\\/#website\"},\"primaryImageOfPage\":{\"@id\":\"https:\\\/\\\/www.delfiniahotels.gr\\\/de\\\/the-hotel\\\/#primaryimage\"},\"image\":{\"@id\":\"https:\\\/\\\/www.delfiniahotels.gr\\\/de\\\/the-hotel\\\/#primaryimage\"},\"thumbnailUrl\":\"https:\\\/\\\/www.delfiniahotels.gr\\\/app\\\/uploads\\\/sites\\\/38\\\/2019\\\/12\\\/delfinia19-0493_resized.jpg\",\"datePublished\":\"2019-05-13T11:26:19+00:00\",\"dateModified\":\"2021-08-02T13:40:00+00:00\",\"breadcrumb\":{\"@id\":\"https:\\\/\\\/www.delfiniahotels.gr\\\/de\\\/the-hotel\\\/#breadcrumb\"},\"inLanguage\":\"de\",\"potentialAction\":[{\"@type\":\"ReadAction\",\"target\":[\"https:\\\/\\\/www.delfiniahotels.gr\\\/de\\\/the-hotel\\\/\"]}]},{\"@type\":\"ImageObject\",\"inLanguage\":\"de\",\"@id\":\"https:\\\/\\\/www.delfiniahotels.gr\\\/de\\\/the-hotel\\\/#primaryimage\",\"url\":\"https:\\\/\\\/www.delfiniahotels.gr\\\/app\\\/uploads\\\/sites\\\/38\\\/2019\\\/12\\\/delfinia19-0493_resized.jpg\",\"contentUrl\":\"https:\\\/\\\/www.delfiniahotels.gr\\\/app\\\/uploads\\\/sites\\\/38\\\/2019\\\/12\\\/delfinia19-0493_resized.jpg\",\"width\":1920,\"height\":1279},{\"@type\":\"BreadcrumbList\",\"@id\":\"https:\\\/\\\/www.delfiniahotels.gr\\\/de\\\/the-hotel\\\/#breadcrumb\",\"itemListElement\":[{\"@type\":\"ListItem\",\"position\":1,\"name\":\"Home\",\"item\":\"https:\\\/\\\/www.delfiniahotels.gr\\\/de\\\/\"},{\"@type\":\"ListItem\",\"position\":2,\"name\":\"Das Hotel\"}]},{\"@type\":\"WebSite\",\"@id\":\"https:\\\/\\\/www.delfiniahotels.gr\\\/de\\\/#website\",\"url\":\"https:\\\/\\\/www.delfiniahotels.gr\\\/de\\\/\",\"name\":\"Delfinia Hotels\",\"description\":\"Delfinia Hotels\",\"potentialAction\":[{\"@type\":\"SearchAction\",\"target\":{\"@type\":\"EntryPoint\",\"urlTemplate\":\"https:\\\/\\\/www.delfiniahotels.gr\\\/de\\\/?s={search_term_string}\"},\"query-input\":{\"@type\":\"PropertyValueSpecification\",\"valueRequired\":true,\"valueName\":\"search_term_string\"}}],\"inLanguage\":\"de\"}]}<\/script>\n<!-- \/ Yoast SEO plugin. -->","yoast_head_json":{"title":"Delfinia Hotels","robots":{"index":"index","follow":"follow","max-snippet":"max-snippet:-1","max-image-preview":"max-image-preview:large","max-video-preview":"max-video-preview:-1"},"canonical":"https:\/\/www.delfiniahotels.gr\/de\/the-hotel\/","og_locale":"de_DE","og_type":"article","og_title":"Delfinia Hotels","og_description":"Das Delfinia Hotel ist eine nat\u00fcrliche Oase im S\u00fcden von Korfu, kurz bevor Sie das Dorf Moraitika erreichen. Das k\u00fcrzlich renovierte Delfinia Hotel ist von gr\u00fcnen G\u00e4rten mit B\u00e4umen aller Art, Blumen, Kr\u00e4utern und einheimischen Pflanzen umgeben, die Sie bis zum Strand und dem Ionischen Meer begleiten. Es ist der ideale Ort, an den Sie","og_url":"https:\/\/www.delfiniahotels.gr\/de\/the-hotel\/","og_site_name":"Delfinia Hotels","article_modified_time":"2021-08-02T13:40:00+00:00","og_image":[{"width":1920,"height":1279,"url":"https:\/\/www.delfiniahotels.gr\/app\/uploads\/sites\/38\/2019\/12\/delfinia19-0493_resized.jpg","type":"image\/jpeg"}],"twitter_card":"summary_large_image","twitter_misc":{"Gesch\u00e4tzte Lesezeit":"2\u00a0Minuten"},"schema":{"@context":"https:\/\/schema.org","@graph":[{"@type":"WebPage","@id":"https:\/\/www.delfiniahotels.gr\/de\/the-hotel\/","url":"https:\/\/www.delfiniahotels.gr\/de\/the-hotel\/","name":"Delfinia Hotels","isPartOf":{"@id":"https:\/\/www.delfiniahotels.gr\/de\/#website"},"primaryImageOfPage":{"@id":"https:\/\/www.delfiniahotels.gr\/de\/the-hotel\/#primaryimage"},"image":{"@id":"https:\/\/www.delfiniahotels.gr\/de\/the-hotel\/#primaryimage"},"thumbnailUrl":"https:\/\/www.delfiniahotels.gr\/app\/uploads\/sites\/38\/2019\/12\/delfinia19-0493_resized.jpg","datePublished":"2019-05-13T11:26:19+00:00","dateModified":"2021-08-02T13:40:00+00:00","breadcrumb":{"@id":"https:\/\/www.delfiniahotels.gr\/de\/the-hotel\/#breadcrumb"},"inLanguage":"de","potentialAction":[{"@type":"ReadAction","target":["https:\/\/www.delfiniahotels.gr\/de\/the-hotel\/"]}]},{"@type":"ImageObject","inLanguage":"de","@id":"https:\/\/www.delfiniahotels.gr\/de\/the-hotel\/#primaryimage","url":"https:\/\/www.delfiniahotels.gr\/app\/uploads\/sites\/38\/2019\/12\/delfinia19-0493_resized.jpg","contentUrl":"https:\/\/www.delfiniahotels.gr\/app\/uploads\/sites\/38\/2019\/12\/delfinia19-0493_resized.jpg","width":1920,"height":1279},{"@type":"BreadcrumbList","@id":"https:\/\/www.delfiniahotels.gr\/de\/the-hotel\/#breadcrumb","itemListElement":[{"@type":"ListItem","position":1,"name":"Home","item":"https:\/\/www.delfiniahotels.gr\/de\/"},{"@type":"ListItem","position":2,"name":"Das Hotel"}]},{"@type":"WebSite","@id":"https:\/\/www.delfiniahotels.gr\/de\/#website","url":"https:\/\/www.delfiniahotels.gr\/de\/","name":"Delfinia Hotels","description":"Delfinia Hotels","potentialAction":[{"@type":"SearchAction","target":{"@type":"EntryPoint","urlTemplate":"https:\/\/www.delfiniahotels.gr\/de\/?s={search_term_string}"},"query-input":{"@type":"PropertyValueSpecification","valueRequired":true,"valueName":"search_term_string"}}],"inLanguage":"de"}]}},"_links":{"self":[{"href":"https:\/\/www.delfiniahotels.gr\/de\/wp-json\/wp\/v2\/pages\/22482","targetHints":{"allow":["GET"]}}],"collection":[{"href":"https:\/\/www.delfiniahotels.gr\/de\/wp-json\/wp\/v2\/pages"}],"about":[{"href":"https:\/\/www.delfiniahotels.gr\/de\/wp-json\/wp\/v2\/types\/page"}],"author":[{"embeddable":true,"href":"https:\/\/www.delfiniahotels.gr\/de\/wp-json\/wp\/v2\/users\/1"}],"replies":[{"embeddable":true,"href":"https:\/\/www.delfiniahotels.gr\/de\/wp-json\/wp\/v2\/comments?post=22482"}],"version-history":[{"count":5,"href":"https:\/\/www.delfiniahotels.gr\/de\/wp-json\/wp\/v2\/pages\/22482\/revisions"}],"predecessor-version":[{"id":75636,"href":"https:\/\/www.delfiniahotels.gr\/de\/wp-json\/wp\/v2\/pages\/22482\/revisions\/75636"}],"wp:featuredmedia":[{"embeddable":true,"href":"https:\/\/www.delfiniahotels.gr\/de\/wp-json\/wp\/v2\/media\/22812"}],"wp:attachment":[{"href":"https:\/\/www.delfiniahotels.gr\/de\/wp-json\/wp\/v2\/media?parent=22482"}],"curies":[{"name":"wp","href":"https:\/\/api.w.org\/{rel}","templated":true}]}}