{"id":22439,"date":"2018-08-27T05:52:47","date_gmt":"2018-08-27T02:52:47","guid":{"rendered":"https:\/\/www.delfiniahotels.gr\/location\/"},"modified":"2021-07-30T12:35:40","modified_gmt":"2021-07-30T09:35:40","slug":"location","status":"publish","type":"page","link":"https:\/\/www.delfiniahotels.gr\/de\/location\/","title":{"rendered":"Standort"},"content":{"rendered":"<h2>Entdecken Sie die Einzigartigkeit von Kerkyra, der &#8222;Archontissa&#8220; des Ionischen Meeres.<\/h2>\n<h2><strong>Korfu <\/strong><\/h2>\n<p> <strong>Gr\u00fcne Insel<\/strong><u><b><\/b><\/u>  Die im Nordwesten Griechenlands gelegene Insel Korfu blickt auf eine reiche und faszinierende Geschichte zur\u00fcck. Die Altstadt geh\u00f6rt zum UNESCO-Weltkulturerbe und sie zu besuchen f\u00fchlt sich an wie ein Rundgang im Freilichtmuseum. Markante Denkm\u00e4ler, einzigartige Museen und Kulturzentren zeichnen Korfu als eine der multikulturellsten und kosmopolitischsten der griechischen Inseln aus. Auf der anderen Seite r\u00fchmt sich Korfu eines unglaublichen Naturerbes, bestehend aus Lagunen, Fl\u00fcssen, Bergen, W\u00e4ldern, einem riesigen Netz von Wanderwegen, einer dichten Vegetation, die eine Artenvielfalt mit hunderten von Vogel-, Wildblumen- und Tierarten beg\u00fcnstigt, welche es nur auf Korfu gibt. Beeindruckende Denkm\u00e4ler, einzigartige Museen und Kulturzentren machen Korfu zu einer der multikulturellsten und kosmopolitischsten der griechischen Inseln. Das Alte und das Neue, das Nat\u00fcrliche und das Kulturelle koexistieren in verschmolzener Harmonie und Sch\u00f6nheit. <\/p>\n<h2><strong>Moraitika<\/strong><em> <\/em><\/h2>\n<p> <strong>Kurort am Meer<\/strong>  Dieser leicht zug\u00e4ngliche Badeort liegt 20 km s\u00fcdlich von Korfu-Stadt, kurz vor der Flussm\u00fcndung des Messonghi. An der Hauptstra\u00dfe, im nahegelegenen Dorf Moraitika kann man alle notwendigen Annehmlichkeiten und Dienstleistungen wie Bars, Caf\u00e9s, Restaurants sowie Superm\u00e4rkte, Apotheken und eine Reihe von lokalen Produkten und touristischen Gesch\u00e4ften finden. Gleich oben auf dem H\u00fcgel erwartet Sie das alte Dorf Moraitika, eine malerische Siedlung mit Panoramablick, traditionellen Tavernen und der \u00f6rtlichen Kirche, die der Jungfrau Maria gewidmet ist. Der Sandstrand des Ortes besticht durch kristallklares Wasser und ist f\u00fcr Familien und Menschen mit Bewegungseinschr\u00e4nkungen geeignet, da das Wasser flach und warm ist. Entlang der Strandpromenade finden Sie zudem eine Vielzahl von Fischrestaurants und Caf\u00e9s.<\/p>\n","protected":false},"excerpt":{"rendered":"<p>Entdecken Sie die Einzigartigkeit von Kerkyra, der &#8222;Archontissa&#8220; des Ionischen Meeres. Korfu Gr\u00fcne Insel Die im Nordwesten Griechenlands gelegene Insel Korfu blickt auf eine reiche und faszinierende Geschichte zur\u00fcck. Die Altstadt geh\u00f6rt zum UNESCO-Weltkulturerbe und sie zu besuchen f\u00fchlt sich an wie ein Rundgang im Freilichtmuseum. Markante Denkm\u00e4ler, einzigartige Museen und Kulturzentren zeichnen Korfu als<\/p>\n","protected":false},"author":1,"featured_media":24039,"parent":0,"menu_order":0,"comment_status":"closed","ping_status":"closed","template":"","meta":{"_acf_changed":false,"footnotes":""},"class_list":["post-22439","page","type-page","status-publish","has-post-thumbnail","hentry"],"acf":[],"yoast_head":"<!-- This site is optimized with the Yoast SEO plugin v27.5 - https:\/\/yoast.com\/product\/yoast-seo-wordpress\/ -->\n<title>Delfinia Hotels<\/title>\n<meta name=\"robots\" content=\"index, follow, max-snippet:-1, max-image-preview:large, max-video-preview:-1\" \/>\n<link rel=\"canonical\" href=\"https:\/\/www.delfiniahotels.gr\/de\/location\/\" \/>\n<meta property=\"og:locale\" content=\"de_DE\" \/>\n<meta property=\"og:type\" content=\"article\" \/>\n<meta property=\"og:title\" content=\"Delfinia Hotels\" \/>\n<meta property=\"og:description\" content=\"Entdecken Sie die Einzigartigkeit von Kerkyra, der &#8222;Archontissa&#8220; des Ionischen Meeres. Korfu Gr\u00fcne Insel Die im Nordwesten Griechenlands gelegene Insel Korfu blickt auf eine reiche und faszinierende Geschichte zur\u00fcck. Die Altstadt geh\u00f6rt zum UNESCO-Weltkulturerbe und sie zu besuchen f\u00fchlt sich an wie ein Rundgang im Freilichtmuseum. Markante Denkm\u00e4ler, einzigartige Museen und Kulturzentren zeichnen Korfu als\" \/>\n<meta property=\"og:url\" content=\"https:\/\/www.delfiniahotels.gr\/de\/location\/\" \/>\n<meta property=\"og:site_name\" content=\"Delfinia Hotels\" \/>\n<meta property=\"article:modified_time\" content=\"2021-07-30T09:35:40+00:00\" \/>\n<meta property=\"og:image\" content=\"https:\/\/www.delfiniahotels.gr\/app\/uploads\/sites\/38\/2021\/07\/delfinia19-0005_resized-1-14.jpg\" \/>\n\t<meta property=\"og:image:width\" content=\"1920\" \/>\n\t<meta property=\"og:image:height\" content=\"1279\" \/>\n\t<meta property=\"og:image:type\" content=\"image\/jpeg\" \/>\n<meta name=\"twitter:card\" content=\"summary_large_image\" \/>\n<meta name=\"twitter:label1\" content=\"Gesch\u00e4tzte Lesezeit\" \/>\n\t<meta name=\"twitter:data1\" content=\"1\u00a0Minute\" \/>\n<script type=\"application\/ld+json\" class=\"yoast-schema-graph\">{\"@context\":\"https:\\\/\\\/schema.org\",\"@graph\":[{\"@type\":\"WebPage\",\"@id\":\"https:\\\/\\\/www.delfiniahotels.gr\\\/de\\\/location\\\/\",\"url\":\"https:\\\/\\\/www.delfiniahotels.gr\\\/de\\\/location\\\/\",\"name\":\"Delfinia Hotels\",\"isPartOf\":{\"@id\":\"https:\\\/\\\/www.delfiniahotels.gr\\\/de\\\/#website\"},\"primaryImageOfPage\":{\"@id\":\"https:\\\/\\\/www.delfiniahotels.gr\\\/de\\\/location\\\/#primaryimage\"},\"image\":{\"@id\":\"https:\\\/\\\/www.delfiniahotels.gr\\\/de\\\/location\\\/#primaryimage\"},\"thumbnailUrl\":\"https:\\\/\\\/www.delfiniahotels.gr\\\/app\\\/uploads\\\/sites\\\/38\\\/2021\\\/07\\\/delfinia19-0005_resized-1-14.jpg\",\"datePublished\":\"2018-08-27T02:52:47+00:00\",\"dateModified\":\"2021-07-30T09:35:40+00:00\",\"breadcrumb\":{\"@id\":\"https:\\\/\\\/www.delfiniahotels.gr\\\/de\\\/location\\\/#breadcrumb\"},\"inLanguage\":\"de\",\"potentialAction\":[{\"@type\":\"ReadAction\",\"target\":[\"https:\\\/\\\/www.delfiniahotels.gr\\\/de\\\/location\\\/\"]}]},{\"@type\":\"ImageObject\",\"inLanguage\":\"de\",\"@id\":\"https:\\\/\\\/www.delfiniahotels.gr\\\/de\\\/location\\\/#primaryimage\",\"url\":\"https:\\\/\\\/www.delfiniahotels.gr\\\/app\\\/uploads\\\/sites\\\/38\\\/2021\\\/07\\\/delfinia19-0005_resized-1-14.jpg\",\"contentUrl\":\"https:\\\/\\\/www.delfiniahotels.gr\\\/app\\\/uploads\\\/sites\\\/38\\\/2021\\\/07\\\/delfinia19-0005_resized-1-14.jpg\",\"width\":1920,\"height\":1279},{\"@type\":\"BreadcrumbList\",\"@id\":\"https:\\\/\\\/www.delfiniahotels.gr\\\/de\\\/location\\\/#breadcrumb\",\"itemListElement\":[{\"@type\":\"ListItem\",\"position\":1,\"name\":\"Home\",\"item\":\"https:\\\/\\\/www.delfiniahotels.gr\\\/de\\\/\"},{\"@type\":\"ListItem\",\"position\":2,\"name\":\"Standort\"}]},{\"@type\":\"WebSite\",\"@id\":\"https:\\\/\\\/www.delfiniahotels.gr\\\/de\\\/#website\",\"url\":\"https:\\\/\\\/www.delfiniahotels.gr\\\/de\\\/\",\"name\":\"Delfinia Hotels\",\"description\":\"Delfinia Hotels\",\"potentialAction\":[{\"@type\":\"SearchAction\",\"target\":{\"@type\":\"EntryPoint\",\"urlTemplate\":\"https:\\\/\\\/www.delfiniahotels.gr\\\/de\\\/?s={search_term_string}\"},\"query-input\":{\"@type\":\"PropertyValueSpecification\",\"valueRequired\":true,\"valueName\":\"search_term_string\"}}],\"inLanguage\":\"de\"}]}<\/script>\n<!-- \/ Yoast SEO plugin. -->","yoast_head_json":{"title":"Delfinia Hotels","robots":{"index":"index","follow":"follow","max-snippet":"max-snippet:-1","max-image-preview":"max-image-preview:large","max-video-preview":"max-video-preview:-1"},"canonical":"https:\/\/www.delfiniahotels.gr\/de\/location\/","og_locale":"de_DE","og_type":"article","og_title":"Delfinia Hotels","og_description":"Entdecken Sie die Einzigartigkeit von Kerkyra, der &#8222;Archontissa&#8220; des Ionischen Meeres. Korfu Gr\u00fcne Insel Die im Nordwesten Griechenlands gelegene Insel Korfu blickt auf eine reiche und faszinierende Geschichte zur\u00fcck. Die Altstadt geh\u00f6rt zum UNESCO-Weltkulturerbe und sie zu besuchen f\u00fchlt sich an wie ein Rundgang im Freilichtmuseum. Markante Denkm\u00e4ler, einzigartige Museen und Kulturzentren zeichnen Korfu als","og_url":"https:\/\/www.delfiniahotels.gr\/de\/location\/","og_site_name":"Delfinia Hotels","article_modified_time":"2021-07-30T09:35:40+00:00","og_image":[{"width":1920,"height":1279,"url":"https:\/\/www.delfiniahotels.gr\/app\/uploads\/sites\/38\/2021\/07\/delfinia19-0005_resized-1-14.jpg","type":"image\/jpeg"}],"twitter_card":"summary_large_image","twitter_misc":{"Gesch\u00e4tzte Lesezeit":"1\u00a0Minute"},"schema":{"@context":"https:\/\/schema.org","@graph":[{"@type":"WebPage","@id":"https:\/\/www.delfiniahotels.gr\/de\/location\/","url":"https:\/\/www.delfiniahotels.gr\/de\/location\/","name":"Delfinia Hotels","isPartOf":{"@id":"https:\/\/www.delfiniahotels.gr\/de\/#website"},"primaryImageOfPage":{"@id":"https:\/\/www.delfiniahotels.gr\/de\/location\/#primaryimage"},"image":{"@id":"https:\/\/www.delfiniahotels.gr\/de\/location\/#primaryimage"},"thumbnailUrl":"https:\/\/www.delfiniahotels.gr\/app\/uploads\/sites\/38\/2021\/07\/delfinia19-0005_resized-1-14.jpg","datePublished":"2018-08-27T02:52:47+00:00","dateModified":"2021-07-30T09:35:40+00:00","breadcrumb":{"@id":"https:\/\/www.delfiniahotels.gr\/de\/location\/#breadcrumb"},"inLanguage":"de","potentialAction":[{"@type":"ReadAction","target":["https:\/\/www.delfiniahotels.gr\/de\/location\/"]}]},{"@type":"ImageObject","inLanguage":"de","@id":"https:\/\/www.delfiniahotels.gr\/de\/location\/#primaryimage","url":"https:\/\/www.delfiniahotels.gr\/app\/uploads\/sites\/38\/2021\/07\/delfinia19-0005_resized-1-14.jpg","contentUrl":"https:\/\/www.delfiniahotels.gr\/app\/uploads\/sites\/38\/2021\/07\/delfinia19-0005_resized-1-14.jpg","width":1920,"height":1279},{"@type":"BreadcrumbList","@id":"https:\/\/www.delfiniahotels.gr\/de\/location\/#breadcrumb","itemListElement":[{"@type":"ListItem","position":1,"name":"Home","item":"https:\/\/www.delfiniahotels.gr\/de\/"},{"@type":"ListItem","position":2,"name":"Standort"}]},{"@type":"WebSite","@id":"https:\/\/www.delfiniahotels.gr\/de\/#website","url":"https:\/\/www.delfiniahotels.gr\/de\/","name":"Delfinia Hotels","description":"Delfinia Hotels","potentialAction":[{"@type":"SearchAction","target":{"@type":"EntryPoint","urlTemplate":"https:\/\/www.delfiniahotels.gr\/de\/?s={search_term_string}"},"query-input":{"@type":"PropertyValueSpecification","valueRequired":true,"valueName":"search_term_string"}}],"inLanguage":"de"}]}},"_links":{"self":[{"href":"https:\/\/www.delfiniahotels.gr\/de\/wp-json\/wp\/v2\/pages\/22439","targetHints":{"allow":["GET"]}}],"collection":[{"href":"https:\/\/www.delfiniahotels.gr\/de\/wp-json\/wp\/v2\/pages"}],"about":[{"href":"https:\/\/www.delfiniahotels.gr\/de\/wp-json\/wp\/v2\/types\/page"}],"author":[{"embeddable":true,"href":"https:\/\/www.delfiniahotels.gr\/de\/wp-json\/wp\/v2\/users\/1"}],"replies":[{"embeddable":true,"href":"https:\/\/www.delfiniahotels.gr\/de\/wp-json\/wp\/v2\/comments?post=22439"}],"version-history":[{"count":4,"href":"https:\/\/www.delfiniahotels.gr\/de\/wp-json\/wp\/v2\/pages\/22439\/revisions"}],"predecessor-version":[{"id":24031,"href":"https:\/\/www.delfiniahotels.gr\/de\/wp-json\/wp\/v2\/pages\/22439\/revisions\/24031"}],"wp:featuredmedia":[{"embeddable":true,"href":"https:\/\/www.delfiniahotels.gr\/de\/wp-json\/wp\/v2\/media\/24039"}],"wp:attachment":[{"href":"https:\/\/www.delfiniahotels.gr\/de\/wp-json\/wp\/v2\/media?parent=22439"}],"curies":[{"name":"wp","href":"https:\/\/api.w.org\/{rel}","templated":true}]}}