{"id":22358,"date":"2018-08-27T05:52:46","date_gmt":"2018-08-27T02:52:46","guid":{"rendered":"https:\/\/www.delfiniahotels.gr\/facilities\/"},"modified":"2021-07-30T12:35:09","modified_gmt":"2021-07-30T09:35:09","slug":"facilities","status":"publish","type":"page","link":"https:\/\/www.delfiniahotels.gr\/de\/facilities\/","title":{"rendered":"Einrichtungen"},"content":{"rendered":"<h1>Genie\u00dfen Sie unsere Dienstleistungen und Einrichtungen! Wir lieben es einfach, uns um Sie zu k\u00fcmmern!<\/h1>\n<p> <strong>Essen &#038; amp; Trinken<\/strong> <\/p>\n<ul>\n<li>Restaurant<\/li>\n<li>Strandbar<\/li>\n<li>Taverne am Strand<\/li>\n<li>Fr\u00fchst\u00fccksbuffet<\/li>\n<li>Fr\u00fchst\u00fcck auf dem Zimmer (gegen Aufpreis)<\/li>\n<li>Lunchkorb (auf Anfrage)<\/li>\n<li>Spezialmen\u00fc f\u00fcr Lebensmittelallergien oder -bed\u00fcrfnisse (z.B. glutenfreie Produkte)<\/li>\n<\/ul>\n<p> <strong>Pool &amp; Wellness<\/strong> <\/p>\n<ul>\n<li>Schwimmbad<\/li>\n<li>Kinderbecken<\/li>\n<li>Jacuzzi<\/li>\n<li>Massagebehandlungen<\/li>\n<li>Fitnessraum<\/li>\n<li>Spa-Dienstleistungen<\/li>\n<\/ul>\n<p> <strong>Unterhaltung &amp; Sport<\/strong> <\/p>\n<ul>\n<li>Indoor- und Outdoor-Spielbereiche f\u00fcr Kinder<\/li>\n<li>Schach und Dame im Freien<\/li>\n<li>Billardtisch<\/li>\n<li>Tischtennis<\/li>\n<li>Tennispl\u00e4tze<\/li>\n<li>T\u00e4gliches Unterhaltungsprogramm<\/li>\n<li>Ausfl\u00fcge<\/li>\n<\/ul>\n","protected":false},"excerpt":{"rendered":"<p>Genie\u00dfen Sie unsere Dienstleistungen und Einrichtungen! Wir lieben es einfach, uns um Sie zu k\u00fcmmern! Essen &#038; amp; Trinken Restaurant Strandbar Taverne am Strand Fr\u00fchst\u00fccksbuffet Fr\u00fchst\u00fcck auf dem Zimmer (gegen Aufpreis) Lunchkorb (auf Anfrage) Spezialmen\u00fc f\u00fcr Lebensmittelallergien oder -bed\u00fcrfnisse (z.B. glutenfreie Produkte) Pool &amp; Wellness Schwimmbad Kinderbecken Jacuzzi Massagebehandlungen Fitnessraum Spa-Dienstleistungen Unterhaltung &amp; Sport Indoor-<\/p>\n","protected":false},"author":1,"featured_media":23982,"parent":0,"menu_order":0,"comment_status":"closed","ping_status":"closed","template":"","meta":{"_acf_changed":false,"footnotes":""},"class_list":["post-22358","page","type-page","status-publish","has-post-thumbnail","hentry"],"acf":[],"yoast_head":"<!-- This site is optimized with the Yoast SEO plugin v27.3 - https:\/\/yoast.com\/product\/yoast-seo-wordpress\/ -->\n<title>Delfinia Hotels<\/title>\n<meta name=\"robots\" content=\"index, follow, max-snippet:-1, max-image-preview:large, max-video-preview:-1\" \/>\n<link rel=\"canonical\" href=\"https:\/\/www.delfiniahotels.gr\/de\/facilities\/\" \/>\n<meta property=\"og:locale\" content=\"de_DE\" \/>\n<meta property=\"og:type\" content=\"article\" \/>\n<meta property=\"og:title\" content=\"Delfinia Hotels\" \/>\n<meta property=\"og:description\" content=\"Genie\u00dfen Sie unsere Dienstleistungen und Einrichtungen! Wir lieben es einfach, uns um Sie zu k\u00fcmmern! Essen &#038; amp; Trinken Restaurant Strandbar Taverne am Strand Fr\u00fchst\u00fccksbuffet Fr\u00fchst\u00fcck auf dem Zimmer (gegen Aufpreis) Lunchkorb (auf Anfrage) Spezialmen\u00fc f\u00fcr Lebensmittelallergien oder -bed\u00fcrfnisse (z.B. glutenfreie Produkte) Pool &amp; Wellness Schwimmbad Kinderbecken Jacuzzi Massagebehandlungen Fitnessraum Spa-Dienstleistungen Unterhaltung &amp; Sport Indoor-\" \/>\n<meta property=\"og:url\" content=\"https:\/\/www.delfiniahotels.gr\/de\/facilities\/\" \/>\n<meta property=\"og:site_name\" content=\"Delfinia Hotels\" \/>\n<meta property=\"article:modified_time\" content=\"2021-07-30T09:35:09+00:00\" \/>\n<meta property=\"og:image\" content=\"https:\/\/www.delfiniahotels.gr\/app\/uploads\/sites\/38\/2021\/07\/delfinia19-0269_resized-6.jpg\" \/>\n\t<meta property=\"og:image:width\" content=\"1920\" \/>\n\t<meta property=\"og:image:height\" content=\"1279\" \/>\n\t<meta property=\"og:image:type\" content=\"image\/jpeg\" \/>\n<meta name=\"twitter:card\" content=\"summary_large_image\" \/>\n<script type=\"application\/ld+json\" class=\"yoast-schema-graph\">{\"@context\":\"https:\\\/\\\/schema.org\",\"@graph\":[{\"@type\":\"WebPage\",\"@id\":\"https:\\\/\\\/www.delfiniahotels.gr\\\/de\\\/facilities\\\/\",\"url\":\"https:\\\/\\\/www.delfiniahotels.gr\\\/de\\\/facilities\\\/\",\"name\":\"Delfinia Hotels\",\"isPartOf\":{\"@id\":\"https:\\\/\\\/www.delfiniahotels.gr\\\/de\\\/#website\"},\"primaryImageOfPage\":{\"@id\":\"https:\\\/\\\/www.delfiniahotels.gr\\\/de\\\/facilities\\\/#primaryimage\"},\"image\":{\"@id\":\"https:\\\/\\\/www.delfiniahotels.gr\\\/de\\\/facilities\\\/#primaryimage\"},\"thumbnailUrl\":\"https:\\\/\\\/www.delfiniahotels.gr\\\/app\\\/uploads\\\/sites\\\/38\\\/2021\\\/07\\\/delfinia19-0269_resized-6.jpg\",\"datePublished\":\"2018-08-27T02:52:46+00:00\",\"dateModified\":\"2021-07-30T09:35:09+00:00\",\"breadcrumb\":{\"@id\":\"https:\\\/\\\/www.delfiniahotels.gr\\\/de\\\/facilities\\\/#breadcrumb\"},\"inLanguage\":\"de\",\"potentialAction\":[{\"@type\":\"ReadAction\",\"target\":[\"https:\\\/\\\/www.delfiniahotels.gr\\\/de\\\/facilities\\\/\"]}]},{\"@type\":\"ImageObject\",\"inLanguage\":\"de\",\"@id\":\"https:\\\/\\\/www.delfiniahotels.gr\\\/de\\\/facilities\\\/#primaryimage\",\"url\":\"https:\\\/\\\/www.delfiniahotels.gr\\\/app\\\/uploads\\\/sites\\\/38\\\/2021\\\/07\\\/delfinia19-0269_resized-6.jpg\",\"contentUrl\":\"https:\\\/\\\/www.delfiniahotels.gr\\\/app\\\/uploads\\\/sites\\\/38\\\/2021\\\/07\\\/delfinia19-0269_resized-6.jpg\",\"width\":1920,\"height\":1279},{\"@type\":\"BreadcrumbList\",\"@id\":\"https:\\\/\\\/www.delfiniahotels.gr\\\/de\\\/facilities\\\/#breadcrumb\",\"itemListElement\":[{\"@type\":\"ListItem\",\"position\":1,\"name\":\"Home\",\"item\":\"https:\\\/\\\/www.delfiniahotels.gr\\\/de\\\/\"},{\"@type\":\"ListItem\",\"position\":2,\"name\":\"Einrichtungen\"}]},{\"@type\":\"WebSite\",\"@id\":\"https:\\\/\\\/www.delfiniahotels.gr\\\/de\\\/#website\",\"url\":\"https:\\\/\\\/www.delfiniahotels.gr\\\/de\\\/\",\"name\":\"Delfinia Hotels\",\"description\":\"Delfinia Hotels\",\"potentialAction\":[{\"@type\":\"SearchAction\",\"target\":{\"@type\":\"EntryPoint\",\"urlTemplate\":\"https:\\\/\\\/www.delfiniahotels.gr\\\/de\\\/?s={search_term_string}\"},\"query-input\":{\"@type\":\"PropertyValueSpecification\",\"valueRequired\":true,\"valueName\":\"search_term_string\"}}],\"inLanguage\":\"de\"}]}<\/script>\n<!-- \/ Yoast SEO plugin. -->","yoast_head_json":{"title":"Delfinia Hotels","robots":{"index":"index","follow":"follow","max-snippet":"max-snippet:-1","max-image-preview":"max-image-preview:large","max-video-preview":"max-video-preview:-1"},"canonical":"https:\/\/www.delfiniahotels.gr\/de\/facilities\/","og_locale":"de_DE","og_type":"article","og_title":"Delfinia Hotels","og_description":"Genie\u00dfen Sie unsere Dienstleistungen und Einrichtungen! Wir lieben es einfach, uns um Sie zu k\u00fcmmern! Essen &#038; amp; Trinken Restaurant Strandbar Taverne am Strand Fr\u00fchst\u00fccksbuffet Fr\u00fchst\u00fcck auf dem Zimmer (gegen Aufpreis) Lunchkorb (auf Anfrage) Spezialmen\u00fc f\u00fcr Lebensmittelallergien oder -bed\u00fcrfnisse (z.B. glutenfreie Produkte) Pool &amp; Wellness Schwimmbad Kinderbecken Jacuzzi Massagebehandlungen Fitnessraum Spa-Dienstleistungen Unterhaltung &amp; Sport Indoor-","og_url":"https:\/\/www.delfiniahotels.gr\/de\/facilities\/","og_site_name":"Delfinia Hotels","article_modified_time":"2021-07-30T09:35:09+00:00","og_image":[{"width":1920,"height":1279,"url":"https:\/\/www.delfiniahotels.gr\/app\/uploads\/sites\/38\/2021\/07\/delfinia19-0269_resized-6.jpg","type":"image\/jpeg"}],"twitter_card":"summary_large_image","schema":{"@context":"https:\/\/schema.org","@graph":[{"@type":"WebPage","@id":"https:\/\/www.delfiniahotels.gr\/de\/facilities\/","url":"https:\/\/www.delfiniahotels.gr\/de\/facilities\/","name":"Delfinia Hotels","isPartOf":{"@id":"https:\/\/www.delfiniahotels.gr\/de\/#website"},"primaryImageOfPage":{"@id":"https:\/\/www.delfiniahotels.gr\/de\/facilities\/#primaryimage"},"image":{"@id":"https:\/\/www.delfiniahotels.gr\/de\/facilities\/#primaryimage"},"thumbnailUrl":"https:\/\/www.delfiniahotels.gr\/app\/uploads\/sites\/38\/2021\/07\/delfinia19-0269_resized-6.jpg","datePublished":"2018-08-27T02:52:46+00:00","dateModified":"2021-07-30T09:35:09+00:00","breadcrumb":{"@id":"https:\/\/www.delfiniahotels.gr\/de\/facilities\/#breadcrumb"},"inLanguage":"de","potentialAction":[{"@type":"ReadAction","target":["https:\/\/www.delfiniahotels.gr\/de\/facilities\/"]}]},{"@type":"ImageObject","inLanguage":"de","@id":"https:\/\/www.delfiniahotels.gr\/de\/facilities\/#primaryimage","url":"https:\/\/www.delfiniahotels.gr\/app\/uploads\/sites\/38\/2021\/07\/delfinia19-0269_resized-6.jpg","contentUrl":"https:\/\/www.delfiniahotels.gr\/app\/uploads\/sites\/38\/2021\/07\/delfinia19-0269_resized-6.jpg","width":1920,"height":1279},{"@type":"BreadcrumbList","@id":"https:\/\/www.delfiniahotels.gr\/de\/facilities\/#breadcrumb","itemListElement":[{"@type":"ListItem","position":1,"name":"Home","item":"https:\/\/www.delfiniahotels.gr\/de\/"},{"@type":"ListItem","position":2,"name":"Einrichtungen"}]},{"@type":"WebSite","@id":"https:\/\/www.delfiniahotels.gr\/de\/#website","url":"https:\/\/www.delfiniahotels.gr\/de\/","name":"Delfinia Hotels","description":"Delfinia Hotels","potentialAction":[{"@type":"SearchAction","target":{"@type":"EntryPoint","urlTemplate":"https:\/\/www.delfiniahotels.gr\/de\/?s={search_term_string}"},"query-input":{"@type":"PropertyValueSpecification","valueRequired":true,"valueName":"search_term_string"}}],"inLanguage":"de"}]}},"_links":{"self":[{"href":"https:\/\/www.delfiniahotels.gr\/de\/wp-json\/wp\/v2\/pages\/22358","targetHints":{"allow":["GET"]}}],"collection":[{"href":"https:\/\/www.delfiniahotels.gr\/de\/wp-json\/wp\/v2\/pages"}],"about":[{"href":"https:\/\/www.delfiniahotels.gr\/de\/wp-json\/wp\/v2\/types\/page"}],"author":[{"embeddable":true,"href":"https:\/\/www.delfiniahotels.gr\/de\/wp-json\/wp\/v2\/users\/1"}],"replies":[{"embeddable":true,"href":"https:\/\/www.delfiniahotels.gr\/de\/wp-json\/wp\/v2\/comments?post=22358"}],"version-history":[{"count":3,"href":"https:\/\/www.delfiniahotels.gr\/de\/wp-json\/wp\/v2\/pages\/22358\/revisions"}],"predecessor-version":[{"id":23965,"href":"https:\/\/www.delfiniahotels.gr\/de\/wp-json\/wp\/v2\/pages\/22358\/revisions\/23965"}],"wp:featuredmedia":[{"embeddable":true,"href":"https:\/\/www.delfiniahotels.gr\/de\/wp-json\/wp\/v2\/media\/23982"}],"wp:attachment":[{"href":"https:\/\/www.delfiniahotels.gr\/de\/wp-json\/wp\/v2\/media?parent=22358"}],"curies":[{"name":"wp","href":"https:\/\/api.w.org\/{rel}","templated":true}]}}