{"id":22340,"date":"2018-08-27T05:52:45","date_gmt":"2018-08-27T02:52:45","guid":{"rendered":"https:\/\/www.delfiniahotels.gr\/rooms\/"},"modified":"2021-07-30T12:35:03","modified_gmt":"2021-07-30T09:35:03","slug":"rooms","status":"publish","type":"page","link":"https:\/\/www.delfiniahotels.gr\/de\/rooms\/","title":{"rendered":"Unterkunft"},"content":{"rendered":"<h1>M\u00f6chten Sie sich entspannen und ein wenig verw\u00f6hnen lassen?<\/h1>\n<p> <span lang=\"en-US\">Reservieren Sie noch heute und sp\u00fcren Sie die friedliche Ruhe und den Genuss, von der Natur umgeben zu sein. <\/span>  &nbsp;<\/p>\n","protected":false},"excerpt":{"rendered":"<p>M\u00f6chten Sie sich entspannen und ein wenig verw\u00f6hnen lassen? Reservieren Sie noch heute und sp\u00fcren Sie die friedliche Ruhe und den Genuss, von der Natur umgeben zu sein. &nbsp;<\/p>\n","protected":false},"author":1,"featured_media":0,"parent":0,"menu_order":0,"comment_status":"closed","ping_status":"closed","template":"page-templates\/rooms.php","meta":{"_acf_changed":false,"footnotes":""},"class_list":["post-22340","page","type-page","status-publish","hentry"],"acf":[],"yoast_head":"<!-- This site is optimized with the Yoast SEO plugin v27.5 - https:\/\/yoast.com\/product\/yoast-seo-wordpress\/ -->\n<title>Unterkunft - Delfinia Hotels<\/title>\n<meta name=\"robots\" content=\"index, follow, max-snippet:-1, max-image-preview:large, max-video-preview:-1\" \/>\n<link rel=\"canonical\" href=\"https:\/\/www.delfiniahotels.gr\/de\/rooms\/\" \/>\n<meta property=\"og:locale\" content=\"de_DE\" \/>\n<meta property=\"og:type\" content=\"article\" \/>\n<meta property=\"og:title\" content=\"Unterkunft - Delfinia Hotels\" \/>\n<meta property=\"og:description\" content=\"M\u00f6chten Sie sich entspannen und ein wenig verw\u00f6hnen lassen? Reservieren Sie noch heute und sp\u00fcren Sie die friedliche Ruhe und den Genuss, von der Natur umgeben zu sein. &nbsp;\" \/>\n<meta property=\"og:url\" content=\"https:\/\/www.delfiniahotels.gr\/rooms\/\" \/>\n<meta property=\"og:site_name\" content=\"Delfinia Hotels\" \/>\n<meta property=\"article:modified_time\" content=\"2021-07-30T09:35:03+00:00\" \/>\n<meta name=\"twitter:card\" content=\"summary_large_image\" \/>\n<script type=\"application\/ld+json\" class=\"yoast-schema-graph\">{\"@context\":\"https:\\\/\\\/schema.org\",\"@graph\":[{\"@type\":\"WebPage\",\"@id\":\"https:\\\/\\\/www.delfiniahotels.gr\\\/de\\\/rooms\\\/\",\"url\":\"https:\\\/\\\/www.delfiniahotels.gr\\\/rooms\\\/\",\"name\":\"Unterkunft - Delfinia Hotels\",\"isPartOf\":{\"@id\":\"https:\\\/\\\/www.delfiniahotels.gr\\\/de\\\/#website\"},\"datePublished\":\"2018-08-27T02:52:45+00:00\",\"dateModified\":\"2021-07-30T09:35:03+00:00\",\"breadcrumb\":{\"@id\":\"https:\\\/\\\/www.delfiniahotels.gr\\\/rooms\\\/#breadcrumb\"},\"inLanguage\":\"de\",\"potentialAction\":[{\"@type\":\"ReadAction\",\"target\":[\"https:\\\/\\\/www.delfiniahotels.gr\\\/rooms\\\/\"]}]},{\"@type\":\"BreadcrumbList\",\"@id\":\"https:\\\/\\\/www.delfiniahotels.gr\\\/rooms\\\/#breadcrumb\",\"itemListElement\":[{\"@type\":\"ListItem\",\"position\":1,\"name\":\"Home\",\"item\":\"https:\\\/\\\/www.delfiniahotels.gr\\\/de\\\/\"},{\"@type\":\"ListItem\",\"position\":2,\"name\":\"Unterkunft\"}]},{\"@type\":\"WebSite\",\"@id\":\"https:\\\/\\\/www.delfiniahotels.gr\\\/de\\\/#website\",\"url\":\"https:\\\/\\\/www.delfiniahotels.gr\\\/de\\\/\",\"name\":\"Delfinia Hotels\",\"description\":\"Delfinia Hotels\",\"potentialAction\":[{\"@type\":\"SearchAction\",\"target\":{\"@type\":\"EntryPoint\",\"urlTemplate\":\"https:\\\/\\\/www.delfiniahotels.gr\\\/de\\\/?s={search_term_string}\"},\"query-input\":{\"@type\":\"PropertyValueSpecification\",\"valueRequired\":true,\"valueName\":\"search_term_string\"}}],\"inLanguage\":\"de\"}]}<\/script>\n<!-- \/ Yoast SEO plugin. -->","yoast_head_json":{"title":"Unterkunft - Delfinia Hotels","robots":{"index":"index","follow":"follow","max-snippet":"max-snippet:-1","max-image-preview":"max-image-preview:large","max-video-preview":"max-video-preview:-1"},"canonical":"https:\/\/www.delfiniahotels.gr\/de\/rooms\/","og_locale":"de_DE","og_type":"article","og_title":"Unterkunft - Delfinia Hotels","og_description":"M\u00f6chten Sie sich entspannen und ein wenig verw\u00f6hnen lassen? Reservieren Sie noch heute und sp\u00fcren Sie die friedliche Ruhe und den Genuss, von der Natur umgeben zu sein. &nbsp;","og_url":"https:\/\/www.delfiniahotels.gr\/rooms\/","og_site_name":"Delfinia Hotels","article_modified_time":"2021-07-30T09:35:03+00:00","twitter_card":"summary_large_image","schema":{"@context":"https:\/\/schema.org","@graph":[{"@type":"WebPage","@id":"https:\/\/www.delfiniahotels.gr\/de\/rooms\/","url":"https:\/\/www.delfiniahotels.gr\/rooms\/","name":"Unterkunft - Delfinia Hotels","isPartOf":{"@id":"https:\/\/www.delfiniahotels.gr\/de\/#website"},"datePublished":"2018-08-27T02:52:45+00:00","dateModified":"2021-07-30T09:35:03+00:00","breadcrumb":{"@id":"https:\/\/www.delfiniahotels.gr\/rooms\/#breadcrumb"},"inLanguage":"de","potentialAction":[{"@type":"ReadAction","target":["https:\/\/www.delfiniahotels.gr\/rooms\/"]}]},{"@type":"BreadcrumbList","@id":"https:\/\/www.delfiniahotels.gr\/rooms\/#breadcrumb","itemListElement":[{"@type":"ListItem","position":1,"name":"Home","item":"https:\/\/www.delfiniahotels.gr\/de\/"},{"@type":"ListItem","position":2,"name":"Unterkunft"}]},{"@type":"WebSite","@id":"https:\/\/www.delfiniahotels.gr\/de\/#website","url":"https:\/\/www.delfiniahotels.gr\/de\/","name":"Delfinia Hotels","description":"Delfinia Hotels","potentialAction":[{"@type":"SearchAction","target":{"@type":"EntryPoint","urlTemplate":"https:\/\/www.delfiniahotels.gr\/de\/?s={search_term_string}"},"query-input":{"@type":"PropertyValueSpecification","valueRequired":true,"valueName":"search_term_string"}}],"inLanguage":"de"}]}},"_links":{"self":[{"href":"https:\/\/www.delfiniahotels.gr\/de\/wp-json\/wp\/v2\/pages\/22340","targetHints":{"allow":["GET"]}}],"collection":[{"href":"https:\/\/www.delfiniahotels.gr\/de\/wp-json\/wp\/v2\/pages"}],"about":[{"href":"https:\/\/www.delfiniahotels.gr\/de\/wp-json\/wp\/v2\/types\/page"}],"author":[{"embeddable":true,"href":"https:\/\/www.delfiniahotels.gr\/de\/wp-json\/wp\/v2\/users\/1"}],"replies":[{"embeddable":true,"href":"https:\/\/www.delfiniahotels.gr\/de\/wp-json\/wp\/v2\/comments?post=22340"}],"version-history":[{"count":4,"href":"https:\/\/www.delfiniahotels.gr\/de\/wp-json\/wp\/v2\/pages\/22340\/revisions"}],"predecessor-version":[{"id":23962,"href":"https:\/\/www.delfiniahotels.gr\/de\/wp-json\/wp\/v2\/pages\/22340\/revisions\/23962"}],"wp:attachment":[{"href":"https:\/\/www.delfiniahotels.gr\/de\/wp-json\/wp\/v2\/media?parent=22340"}],"curies":[{"name":"wp","href":"https:\/\/api.w.org\/{rel}","templated":true}]}}